{"id":4494,"date":"2022-02-16T15:43:39","date_gmt":"2022-02-16T15:43:39","guid":{"rendered":"http:\/\/www.ateneapark.com\/politica-de-cookies\/"},"modified":"2022-03-22T13:39:43","modified_gmt":"2022-03-22T12:39:43","slug":"politique-de-cookies","status":"publish","type":"page","link":"https:\/\/www.ateneapark.com\/fr\/politique-de-cookies","title":{"rendered":"Politique de cookies"},"content":{"rendered":"\n<p><strong>Politique de Cookies<\/strong><\/p>\n\n\n\n<p>Conform\u00e9ment \u00e0 l&rsquo;article 22.2 de la loi 34\/2002 sur les services de la soci\u00e9t\u00e9 de l&rsquo;information et le commerce \u00e9lectronique, les utilisateurs de notre site Web sont inform\u00e9s de notre politique en mati\u00e8re de cookies.<\/p>\n\n\n\n<p><strong>Qu&rsquo;est-ce qu&rsquo;un cookie?<\/strong><\/p>\n\n\n\n<p>Les cookies sont des fichiers qui contiennent de petites quantit\u00e9s d&rsquo;informations qui sont t\u00e9l\u00e9charg\u00e9es sur l&rsquo;appareil que l&rsquo;utilisateur utilise lorsqu&rsquo;il visite notre site Web. Leur objectif principal est de reconna\u00eetre l&rsquo;Utilisateur (via des identifiants ne permettant pas l&rsquo;identification d&rsquo;une personne physique) \u00e0 chaque fois qu&rsquo;il acc\u00e8de au site et ils nous permettent \u00e9galement d&rsquo;am\u00e9liorer la qualit\u00e9 et la convivialit\u00e9 de nos sites. Les cookies sont indispensables au fonctionnement d&rsquo;Internet. Ils ne peuvent pas endommager l&rsquo;appareil\/l&rsquo;\u00e9quipement de l&rsquo;utilisateur et, s&rsquo;ils sont activ\u00e9s dans les param\u00e8tres du navigateur de l&rsquo;utilisateur, ils aident \u00e0 identifier et \u00e0 r\u00e9soudre les \u00e9ventuelles erreurs de fonctionnement de notre site Web.<\/p>\n\n\n\n<p><strong>Types de cookies<\/strong><\/p>\n\n\n\n<p>Il existe diff\u00e9rents types de cookies. Ils fonctionnent tous de la m\u00eame mani\u00e8re mais ont de petites diff\u00e9rences :<\/p>\n\n\n\n<p><strong>Cookies de sessions:<\/strong> Les cookies de session ne durent que le temps de la visite de l&rsquo;Utilisateur et sont supprim\u00e9s lorsque l&rsquo;Utilisateur ferme son navigateur. Leur objectif principal est d&rsquo;identifier le type d&rsquo;appareil et de prendre en charge la s\u00e9curit\u00e9 du site Web ou ses fonctions de base. Ils ne contiennent pas d&rsquo;informations personnelles permettant d&rsquo;identifier un individu.<\/p>\n\n\n\n<p><strong>Cookies persistants ou permanents:<\/strong> Ceux-ci sont stock\u00e9s sur le disque dur de l&rsquo;appareil et le site Web les lit chaque fois que l&rsquo;utilisateur effectue une nouvelle visite sur le site Web. Ils ont une date d&rsquo;expiration d\u00e9finie, apr\u00e8s laquelle ils cesseront de fonctionner. Ils permettent d&rsquo;identifier les actions et les pr\u00e9f\u00e9rences de l&rsquo;utilisateur&nbsp;; analyse des visites des utilisateurs, nous aidant \u00e0 comprendre comment les utilisateurs acc\u00e8dent \u00e0 notre site Web&nbsp;; et ils nous aident \u00e0 am\u00e9liorer les services offerts sur notre site Web.<\/p>\n\n\n\n<p><strong>Cookies de fonctionnalit\u00e9:<\/strong> Ceux-ci permettent de m\u00e9moriser les d\u00e9cisions prises par l&rsquo;Utilisateur, telles que son nom d&rsquo;utilisateur ou son identifiant. Les informations enregistr\u00e9es par ces cookies sont anonymes (ce qui signifie qu&rsquo;elles ne contiennent pas de nom, d&rsquo;adresse ou d&rsquo;autres donn\u00e9es personnelles).<\/p>\n\n\n\n<p><strong>Cookies tiers:<\/strong> Les cookies tiers sont ceux install\u00e9s par un site Internet qui n&rsquo;est pas celui que l&rsquo;Utilisateur visite; par exemple, ceux utilis\u00e9s par les r\u00e9seaux sociaux (tels que Facebook) ou les compl\u00e9ments de contenu externes (tels que Google Maps).<\/p>\n\n\n\n<p><strong>Cookies d&rsquo;analyse:<\/strong> Ces cookies ont pour objectif la maintenance p\u00e9riodique et garantissent \u00e0 l&rsquo;Utilisateur un fonctionnement et un service optimaux. Ils recueillent des d\u00e9tails sur l&rsquo;activit\u00e9 de l&rsquo;utilisateur.<\/p>\n\n\n\n<p><strong>Utilisation de cookies par Atenea Park &#8211; Suites Apartaments<\/strong><\/p>\n\n\n\n<figure class=\"wp-block-table\"><table><tbody><tr><td>Nom<\/td><td>Propre ou tiers<\/td><td>Dur\u00e9e<\/td><td>But<\/td><\/tr><tr><td>cookie_alerta<\/td><td>Poss\u00e9der<\/td><td>Dur\u00e9e de la session en cours<\/td><td>Afficher l&rsquo;avis de cookie une fois par session.<\/td><\/tr><tr><td>popup_faldon<\/td><td>Poss\u00e9der<\/td><td>Dur\u00e9e de la session en cours<\/td><td>Afficher la fen\u00eatre contextuelle d&rsquo;offre une seule fois par session (uniquement lorsqu&rsquo;il y a une fen\u00eatre contextuelle d&rsquo;offre).<\/td><\/tr><tr><td>_utma<\/td><td>Google Analytics<\/td><td>2 ans<\/td><td>Utilis\u00e9 pour faire la distinction entre les utilisateurs et les sessions.<\/td><\/tr><tr><td>_utmb<\/td><td>Google Analytics<\/td><td>10 minutes \u00e0 compter de la cr\u00e9ation ou de la modification<\/td><td>Utilis\u00e9 pour savoir si une nouvelle session ou visite est effectu\u00e9e.<\/td><\/tr><tr><td>_utmc<\/td><td>Google Analytics<\/td><td>Lorsque la s\u00e9ance est termin\u00e9e<\/td><td>Utilis\u00e9 pour faciliter la fonctionnalit\u00e9 avec le fichier urchin.js. Auparavant, ce cookie agissait parall\u00e8lement au cookie _utmb pour d\u00e9terminer si l&rsquo;utilisateur terminait une nouvelle session ou visite.<\/td><\/tr><tr><td>_utmz<\/td><td>Google Analytics<\/td><td>6 mois<\/td><td>Enregistre l&rsquo;origine du trafic ou de la campagne en expliquant d&rsquo;o\u00f9 l&rsquo;utilisateur a acc\u00e9d\u00e9 au site Web.<\/td><\/tr><tr><td>_utmt<\/td><td>Google Analytics<\/td><td>Lorsque la s\u00e9ance est termin\u00e9e<\/td><td>Utilis\u00e9 pour d\u00e9finir le type de demande de l&rsquo;utilisateur. Utilis\u00e9 pour \u00e9tablir des statistiques d&rsquo;utilisation du site Web.<\/td><\/tr><tr><td>DoubleClick<\/td><td>AdWords<\/td><td>Lorsque la s\u00e9ance est termin\u00e9e<\/td><td>Utilis\u00e9 pour segmenter le contenu afin qu&rsquo;il soit pertinent pour les utilisateurs.<\/td><\/tr><\/tbody><\/table><\/figure>\n\n\n\n<figure class=\"wp-block-table\"><table><tbody><tr><td>Nom<\/td><td>Informations trait\u00e9es<\/td><td>But<\/td><\/tr><tr><td>Strictement n\u00e9cessaire<\/td><td>Session utilisateur, d\u00e9tails d&rsquo;inscription, r\u00e9servations.<\/td><td>Gestion de l&rsquo;inscription et de la maintenance de la session utilisateur, personnalisation de la navigation, r\u00e9partition de charge.<\/td><\/tr><tr><td>Google Analytics<\/td><td>Sites Web visit\u00e9s, fr\u00e9quence, nombre et r\u00e9p\u00e9tition des visites, temps de navigation, recherches effectu\u00e9es, liens consult\u00e9s, navigateur utilis\u00e9, op\u00e9rateur fournissant le service, emplacement li\u00e9 \u00e0 l&rsquo;adresse IP.<\/td><td>Mesurer et analyser la navigation des utilisateurs, surveiller et analyser le comportement des utilisateurs, cr\u00e9er des profils de navigation utilisateur anonymes, introduire des am\u00e9liorations bas\u00e9es sur l&rsquo;analyse des donn\u00e9es d&rsquo;utilisation des utilisateurs.<\/td><\/tr><tr><td>Google AdWords<\/td><td>Adresse IP, recherches effectu\u00e9es, liens consult\u00e9s et publicit\u00e9s consult\u00e9es.<\/td><td>Montrez les produits qui conviennent le mieux \u00e0 l&rsquo;utilisateur, segmentez le march\u00e9 cible, mesurez les r\u00e9sultats, les devis flexibles et la d\u00e9tection de nouveaux march\u00e9s.<\/td><\/tr><\/tbody><\/table><\/figure>\n\n\n\n<p>En acc\u00e9dant \u00e0 notre site Web, l&rsquo;utilisateur accepte express\u00e9ment que nous puissions utiliser ces types de cookies sur ses appareils. Toutefois, s&rsquo;il d\u00e9sactive les cookies, la navigation sur nos sites ne sera pas affect\u00e9e.<\/p>\n\n\n\n<p><strong>Configuration de l&rsquo;utilisateur pour d\u00e9sactiver les cookies<\/strong><\/p>\n\n\n\n<p>En naviguant et en continuant sur notre site Web, vous consentez \u00e0 l&rsquo;utilisation de cookies selon les termes et conditions contenus dans cette politique de cookies. Atenea Park &#8211; Suites Apartaments donne acc\u00e8s \u00e0 cette politique de cookies lorsque vous acc\u00e9dez pour la premi\u00e8re fois au site Web, dans le but d&rsquo;informer l&rsquo;utilisateur, et nonobstant le fait qu&rsquo;il peut exercer son droit de d\u00e9sactiver, supprimer ou refuser l&rsquo;utilisation de cookies \u00e0 tout moment.<\/p>\n\n\n\n<p>Dans tous les cas, vous \u00eates inform\u00e9 que les cookies ne sont pas n\u00e9cessaires \u00e0 l&rsquo;utilisation de notre site Web. Ils peuvent \u00eatre d\u00e9sactiv\u00e9s ou bloqu\u00e9s en activant la configuration appropri\u00e9e de votre navigateur, qui permet de refuser l&rsquo;installation de tout ou partie des cookies. La majorit\u00e9 des navigateurs vous avertiront de la pr\u00e9sence de cookies ou les rejetteront automatiquement. Si vous choisissez de les refuser, vous pouvez continuer \u00e0 utiliser notre site Web bien que l&rsquo;utilisation de certains services puisse \u00eatre limit\u00e9e et, par cons\u00e9quent, votre exp\u00e9rience sur notre site Web puisse \u00eatre moins satisfaisante.<\/p>\n\n\n\n<p>Des informations sur la mani\u00e8re de configurer votre ou vos navigateurs Internet afin de pr\u00e9server votre confidentialit\u00e9 et votre s\u00e9curit\u00e9 vis-\u00e0-vis des cookies peuvent \u00eatre consult\u00e9es sur les pages d&rsquo;assistance officielles de chaque navigateur principal. Gr\u00e2ce \u00e0 cette assistance, l&rsquo;Utilisateur peut d\u00e9sactiver les cookies via les param\u00e8tres de son navigateur ou les configurer de mani\u00e8re \u00e0 \u00eatre averti lorsqu&rsquo;un serveur souhaite enregistrer un cookie.<\/p>\n\n\n\n<p><strong><strong>Contact information<\/strong><\/strong><\/p>\n\n\n\n<p>Si vous avez des questions sur cette politique de cookies, veuillez nous \u00e9crire \u00e0 l&rsquo;adresse e-mail suivante : reservas@ateneapark.com<\/p>\n","protected":false},"excerpt":{"rendered":"<p>Politique de Cookies Conform\u00e9ment \u00e0 l&rsquo;article 22.2 de la loi 34\/2002 sur les services de la soci\u00e9t\u00e9 de l&rsquo;information et le commerce \u00e9lectronique, les utilisateurs de notre site Web sont inform\u00e9s de notre politique en mati\u00e8re de cookies. Qu&rsquo;est-ce qu&rsquo;un cookie? Les cookies sont des fichiers qui contiennent de petites quantit\u00e9s d&rsquo;informations qui sont t\u00e9l\u00e9charg\u00e9es [&hellip;]<\/p>\n","protected":false},"author":1,"featured_media":0,"parent":0,"menu_order":0,"comment_status":"closed","ping_status":"closed","template":"","meta":{"_acf_changed":false,"footnotes":""},"class_list":["post-4494","page","type-page","status-publish","hentry"],"acf":[],"yoast_head":"<!-- This site is optimized with the Yoast SEO plugin v27.6 - https:\/\/yoast.com\/product\/yoast-seo-wordpress\/ -->\n<title>Politique de cookies | Atenea Park Suites - Apartaments<\/title>\n<meta name=\"robots\" content=\"index, follow, max-snippet:-1, max-image-preview:large, max-video-preview:-1\" \/>\n<link rel=\"canonical\" href=\"https:\/\/www.ateneapark.com\/fr\/politique-de-cookies\" \/>\n<meta property=\"og:locale\" content=\"fr_FR\" \/>\n<meta property=\"og:type\" content=\"article\" \/>\n<meta property=\"og:title\" content=\"Politique de cookies | Atenea Park Suites - Apartaments\" \/>\n<meta property=\"og:description\" content=\"Politique de Cookies Conform\u00e9ment \u00e0 l&rsquo;article 22.2 de la loi 34\/2002 sur les services de la soci\u00e9t\u00e9 de l&rsquo;information et le commerce \u00e9lectronique, les utilisateurs de notre site Web sont inform\u00e9s de notre politique en mati\u00e8re de cookies. Qu&rsquo;est-ce qu&rsquo;un cookie? Les cookies sont des fichiers qui contiennent de petites quantit\u00e9s d&rsquo;informations qui sont t\u00e9l\u00e9charg\u00e9es [&hellip;]\" \/>\n<meta property=\"og:url\" content=\"https:\/\/www.ateneapark.com\/fr\/politique-de-cookies\" \/>\n<meta property=\"og:site_name\" content=\"Atenea Park Suites - Apartaments\" \/>\n<meta property=\"article:modified_time\" content=\"2022-03-22T12:39:43+00:00\" \/>\n<meta property=\"og:image\" content=\"https:\/\/www.ateneapark.com\/wp-content\/uploads\/2022\/02\/3.2-galeria.jpg\" \/>\n\t<meta property=\"og:image:width\" content=\"1124\" \/>\n\t<meta property=\"og:image:height\" content=\"750\" \/>\n\t<meta property=\"og:image:type\" content=\"image\/jpeg\" \/>\n<meta name=\"twitter:card\" content=\"summary_large_image\" \/>\n<meta name=\"twitter:label1\" content=\"Dur\u00e9e de lecture estim\u00e9e\" \/>\n\t<meta name=\"twitter:data1\" content=\"5 minutes\" \/>\n<script type=\"application\/ld+json\" class=\"yoast-schema-graph\">{\"@context\":\"https:\\\/\\\/schema.org\",\"@graph\":[{\"@type\":\"WebPage\",\"@id\":\"https:\\\/\\\/www.ateneapark.com\\\/fr\\\/politique-de-cookies\",\"url\":\"https:\\\/\\\/www.ateneapark.com\\\/fr\\\/politique-de-cookies\",\"name\":\"Politique de cookies | Atenea Park Suites - Apartaments\",\"isPartOf\":{\"@id\":\"https:\\\/\\\/www.ateneapark.com\\\/fr#website\"},\"datePublished\":\"2022-02-16T15:43:39+00:00\",\"dateModified\":\"2022-03-22T12:39:43+00:00\",\"breadcrumb\":{\"@id\":\"https:\\\/\\\/www.ateneapark.com\\\/fr\\\/politique-de-cookies#breadcrumb\"},\"inLanguage\":\"fr-FR\",\"potentialAction\":[{\"@type\":\"ReadAction\",\"target\":[\"https:\\\/\\\/www.ateneapark.com\\\/fr\\\/politique-de-cookies\"]}]},{\"@type\":\"BreadcrumbList\",\"@id\":\"https:\\\/\\\/www.ateneapark.com\\\/fr\\\/politique-de-cookies#breadcrumb\",\"itemListElement\":[{\"@type\":\"ListItem\",\"position\":1,\"name\":\"Home\",\"item\":\"https:\\\/\\\/www.ateneapark.com\\\/fr\"},{\"@type\":\"ListItem\",\"position\":2,\"name\":\"Politique de cookies\"}]},{\"@type\":\"WebSite\",\"@id\":\"https:\\\/\\\/www.ateneapark.com\\\/fr#website\",\"url\":\"https:\\\/\\\/www.ateneapark.com\\\/fr\",\"name\":\"Atenea Park Suites - Apartaments\",\"description\":\"Atenea Park est\u00e1 situado en Vilanova y la Geltr\u00fa, poblaci\u00f3n muy pr\u00f3xima a Sitges. Precio m\u00ednimo garantizado. Oferta 5%descuento, desayuno y parking gratis.\",\"publisher\":{\"@id\":\"https:\\\/\\\/www.ateneapark.com\\\/fr#organization\"},\"potentialAction\":[{\"@type\":\"SearchAction\",\"target\":{\"@type\":\"EntryPoint\",\"urlTemplate\":\"https:\\\/\\\/www.ateneapark.com\\\/fr?s={search_term_string}\"},\"query-input\":{\"@type\":\"PropertyValueSpecification\",\"valueRequired\":true,\"valueName\":\"search_term_string\"}}],\"inLanguage\":\"fr-FR\"},{\"@type\":\"Organization\",\"@id\":\"https:\\\/\\\/www.ateneapark.com\\\/fr#organization\",\"name\":\"Sanoimels, S.L\",\"url\":\"https:\\\/\\\/www.ateneapark.com\\\/fr\",\"logo\":{\"@type\":\"ImageObject\",\"inLanguage\":\"fr-FR\",\"@id\":\"https:\\\/\\\/www.ateneapark.com\\\/fr#\\\/schema\\\/logo\\\/image\\\/\",\"url\":\"https:\\\/\\\/www.ateneapark.com\\\/wp-content\\\/uploads\\\/2022\\\/02\\\/3.2-galeria.jpg\",\"contentUrl\":\"https:\\\/\\\/www.ateneapark.com\\\/wp-content\\\/uploads\\\/2022\\\/02\\\/3.2-galeria.jpg\",\"width\":1124,\"height\":750,\"caption\":\"Sanoimels, S.L\"},\"image\":{\"@id\":\"https:\\\/\\\/www.ateneapark.com\\\/fr#\\\/schema\\\/logo\\\/image\\\/\"}}]}<\/script>\n<!-- \/ Yoast SEO plugin. -->","yoast_head_json":{"title":"Politique de cookies | Atenea Park Suites - Apartaments","robots":{"index":"index","follow":"follow","max-snippet":"max-snippet:-1","max-image-preview":"max-image-preview:large","max-video-preview":"max-video-preview:-1"},"canonical":"https:\/\/www.ateneapark.com\/fr\/politique-de-cookies","og_locale":"fr_FR","og_type":"article","og_title":"Politique de cookies | Atenea Park Suites - Apartaments","og_description":"Politique de Cookies Conform\u00e9ment \u00e0 l&rsquo;article 22.2 de la loi 34\/2002 sur les services de la soci\u00e9t\u00e9 de l&rsquo;information et le commerce \u00e9lectronique, les utilisateurs de notre site Web sont inform\u00e9s de notre politique en mati\u00e8re de cookies. Qu&rsquo;est-ce qu&rsquo;un cookie? Les cookies sont des fichiers qui contiennent de petites quantit\u00e9s d&rsquo;informations qui sont t\u00e9l\u00e9charg\u00e9es [&hellip;]","og_url":"https:\/\/www.ateneapark.com\/fr\/politique-de-cookies","og_site_name":"Atenea Park Suites - Apartaments","article_modified_time":"2022-03-22T12:39:43+00:00","og_image":[{"width":1124,"height":750,"url":"https:\/\/www.ateneapark.com\/wp-content\/uploads\/2022\/02\/3.2-galeria.jpg","type":"image\/jpeg"}],"twitter_card":"summary_large_image","twitter_misc":{"Dur\u00e9e de lecture estim\u00e9e":"5 minutes"},"schema":{"@context":"https:\/\/schema.org","@graph":[{"@type":"WebPage","@id":"https:\/\/www.ateneapark.com\/fr\/politique-de-cookies","url":"https:\/\/www.ateneapark.com\/fr\/politique-de-cookies","name":"Politique de cookies | Atenea Park Suites - Apartaments","isPartOf":{"@id":"https:\/\/www.ateneapark.com\/fr#website"},"datePublished":"2022-02-16T15:43:39+00:00","dateModified":"2022-03-22T12:39:43+00:00","breadcrumb":{"@id":"https:\/\/www.ateneapark.com\/fr\/politique-de-cookies#breadcrumb"},"inLanguage":"fr-FR","potentialAction":[{"@type":"ReadAction","target":["https:\/\/www.ateneapark.com\/fr\/politique-de-cookies"]}]},{"@type":"BreadcrumbList","@id":"https:\/\/www.ateneapark.com\/fr\/politique-de-cookies#breadcrumb","itemListElement":[{"@type":"ListItem","position":1,"name":"Home","item":"https:\/\/www.ateneapark.com\/fr"},{"@type":"ListItem","position":2,"name":"Politique de cookies"}]},{"@type":"WebSite","@id":"https:\/\/www.ateneapark.com\/fr#website","url":"https:\/\/www.ateneapark.com\/fr","name":"Atenea Park Suites - Apartaments","description":"Atenea Park est\u00e1 situado en Vilanova y la Geltr\u00fa, poblaci\u00f3n muy pr\u00f3xima a Sitges. Precio m\u00ednimo garantizado. Oferta 5%descuento, desayuno y parking gratis.","publisher":{"@id":"https:\/\/www.ateneapark.com\/fr#organization"},"potentialAction":[{"@type":"SearchAction","target":{"@type":"EntryPoint","urlTemplate":"https:\/\/www.ateneapark.com\/fr?s={search_term_string}"},"query-input":{"@type":"PropertyValueSpecification","valueRequired":true,"valueName":"search_term_string"}}],"inLanguage":"fr-FR"},{"@type":"Organization","@id":"https:\/\/www.ateneapark.com\/fr#organization","name":"Sanoimels, S.L","url":"https:\/\/www.ateneapark.com\/fr","logo":{"@type":"ImageObject","inLanguage":"fr-FR","@id":"https:\/\/www.ateneapark.com\/fr#\/schema\/logo\/image\/","url":"https:\/\/www.ateneapark.com\/wp-content\/uploads\/2022\/02\/3.2-galeria.jpg","contentUrl":"https:\/\/www.ateneapark.com\/wp-content\/uploads\/2022\/02\/3.2-galeria.jpg","width":1124,"height":750,"caption":"Sanoimels, S.L"},"image":{"@id":"https:\/\/www.ateneapark.com\/fr#\/schema\/logo\/image\/"}}]}},"_links":{"self":[{"href":"https:\/\/www.ateneapark.com\/fr\/wp-json\/wp\/v2\/pages\/4494","targetHints":{"allow":["GET"]}}],"collection":[{"href":"https:\/\/www.ateneapark.com\/fr\/wp-json\/wp\/v2\/pages"}],"about":[{"href":"https:\/\/www.ateneapark.com\/fr\/wp-json\/wp\/v2\/types\/page"}],"author":[{"embeddable":true,"href":"https:\/\/www.ateneapark.com\/fr\/wp-json\/wp\/v2\/users\/1"}],"replies":[{"embeddable":true,"href":"https:\/\/www.ateneapark.com\/fr\/wp-json\/wp\/v2\/comments?post=4494"}],"version-history":[{"count":5,"href":"https:\/\/www.ateneapark.com\/fr\/wp-json\/wp\/v2\/pages\/4494\/revisions"}],"predecessor-version":[{"id":4868,"href":"https:\/\/www.ateneapark.com\/fr\/wp-json\/wp\/v2\/pages\/4494\/revisions\/4868"}],"wp:attachment":[{"href":"https:\/\/www.ateneapark.com\/fr\/wp-json\/wp\/v2\/media?parent=4494"}],"curies":[{"name":"wp","href":"https:\/\/api.w.org\/{rel}","templated":true}]}}