{"id":4201,"date":"2022-02-16T15:52:39","date_gmt":"2022-02-16T15:52:39","guid":{"rendered":"http:\/\/www.ateneapark.com\/?page_id=4201"},"modified":"2022-09-06T13:39:15","modified_gmt":"2022-09-06T11:39:15","slug":"aviso-legal","status":"publish","type":"page","link":"https:\/\/www.ateneapark.com\/es\/aviso-legal","title":{"rendered":"Aviso legal"},"content":{"rendered":"\n<p>Esta p\u00e1gina web es propiedad de Sanoimels, S.L, en adelante Atenea Park &#8211; Suites Apartaments, inscrita en el Registro Mercantil de Barcelona, Tomo 35458, Folio 137, Hoja B-256948. Inscripci\u00f3n 1\u00aa en el Registro General de Empresas y Actividades Tur\u00edsticas reglamentadas en Catalu\u00f1a con los n\u00fameros ATB-000019, ATB-000020, ATB-000021.<\/p>\n\n\n\n<p>Domicilio social: C\/ Roger de Ll\u00faria, 7, 1\u00ba A 08010 Barcelona<br>Tel\u00e9fono: +34 938 150 638<br>E-mail: reservas@ateneapark.com<\/p>\n\n\n\n<p><strong>1. Condiciones generales<\/strong><\/p>\n\n\n\n<p>El acceso y el uso de la P\u00e1gina web de Atenea Park &#8211; Suites Apartaments quedar\u00e1 sujeto a las presentes condiciones generales. La utilizaci\u00f3n en todas las p\u00e1ginas web de titularidad de Atenea Park &#8211; Suites Apartaments supone la aceptaci\u00f3n plena por el Usuario de todas las Condiciones Generales de Uso vigentes en cada momento en que el usuario acceda al mismo.<\/p>\n\n\n\n<p>Atenea Park &#8211; Suites Apartaments se reserva el derecho a modificar en cualquier momento las presentes Condiciones de Uso.<\/p>\n\n\n\n<p><strong>2. Uso de la p\u00e1gina web, servicios y contenidos<\/strong><\/p>\n\n\n\n<p>El usuario se obliga a hacer un uso correcto de esta p\u00e1gina, sus servicios y contenidos, sin contravenir los derechos fundamentales, la legislaci\u00f3n vigente, la buena fe, los usos generalmente aceptados, el orden p\u00fablico, y las condiciones particulares de ciertos servicios. Se proh\u00edbe cualquier uso con fines il\u00edcitos o que vulneren los derechos de Atenea Park &#8211; Suites Apartaments y sus titulares o un tercero, o que de cualquier forma, perjudique al normal funcionamiento de la p\u00e1gina o de cualesquiera equipos inform\u00e1ticos o documentos de cualquier clase contenidos en los mismos. Respecto de los contenidos (informaciones, textos, gr\u00e1ficos, archivos de sonido y\/o imagen, fotograf\u00edas, dise\u00f1os, etc&#8230;) se proh\u00edbe especialmente:<\/p>\n\n\n\n<p>\u2022 Su reproducci\u00f3n, distribuci\u00f3n o modificaci\u00f3n o de cualquier otra forma su comunicaci\u00f3n p\u00fablica, salvo que se obtenga la autorizaci\u00f3n de sus leg\u00edtimos titulares o que resulte legalmente permitido;<br>\u2022 Eliminar o modificar el copyright y dem\u00e1s datos identificativos de la reserva de derechos de Atenea Park &#8211; Suites Apartaments o de sus titulares, de las huellas digitales o de cualquier otro medio t\u00e9cnico para su reconocimiento;<br>\u2022 Intentar obtener los contenidos de la p\u00e1gina web por un medio distinto a los disponibles para los usuarios o a los habituales en la red, siempre que estos \u00faltimos no causen perjuicio alguno a la p\u00e1gina web de Atenea Park &#8211; Suites Apartaments.<br>\u2022 Remitir mensajes o enviar cadenas de mensajes electr\u00f3nicos no solicitados o consentidos por sus destinatarios. Los usuarios o terceros perjudicados por la recepci\u00f3n de mensajes no solicitados podr\u00e1n comunic\u00e1rselo a Atenea Park &#8211; Suites Apartaments remitiendo un mensaje a la siguiente direcci\u00f3n de correo electr\u00f3nico: reservas@ateneapark.com<br>\u2022 Igualmente, se proh\u00edbe utilizar las listas de distribuci\u00f3n as\u00ed como poner a disposici\u00f3n de terceros datos recabados a partir de las mismas, para realizar las actividades se\u00f1aladas anteriormente. Respecto del site, el usuario se compromete, en particular a no transmitir o difundir de terceros informaciones, datos, contenidos, mensajes, gr\u00e1ficos, dibujos, archivos de sonido y\/o imagen, fotograf\u00edas, grabaciones, software y en general cualquier material que:<\/p>\n\n\n\n<p>\u2022 Induzca o promueva actuaciones delictivas, denigratorias, difamatorias, violentas o en general, contrarias a la ley, a la moral y buenas costumbres generalmente aceptadas, o al orden p\u00fablico; o permita acceder a productos, elementos, mensajes y\/o servicios delictivos, violentos, ofensivos, nocivos, degradantes o, en general, contrarios a la ley, a la moral y a las buenas costumbres generalmente aceptadas, o al orden p\u00fablico;<br>\u2022 Sea falso, ambiguo, inexacto, exagerado o extempor\u00e1neo, pudiendo llevar a enga\u00f1o sobre su objeto o sobre las intenciones del comunicante;<br>\u2022 Siendo propiedad intelectual o industrial de terceros, se pretenda utilizar sin su previa autorizaci\u00f3n;<br>\u2022 Viole los secretos empresariales de terceros o infrinja la normativa sobre el secreto de las comunicaciones;<br>\u2022 De cualquier manera menoscabe la reputaci\u00f3n de Atenea Park &#8211; Suites Apartaments o de terceros, o constituya, en su caso, publicidad il\u00edcita, enga\u00f1osa o desleal, y en general competencia desleal; Atenea Park &#8211; Suites Apartaments o de terceros, o que puedan da\u00f1ar los documentos electr\u00f3nicos y archivos almacenados en dichos equipos;<br>\u2022 Contenga etiquetas HTML distintas de aqu\u00e9llas expresamente autorizadas por Atenea Park &#8211; Suites Apartaments.<\/p>\n\n\n\n<p><strong>3. Propiedad Intelectual e Industrial<\/strong><\/p>\n\n\n\n<p>Todos los contenidos de las p\u00e1ginas web de Atenea Park &#8211; Suites Apartaments est\u00e1n sometidos a la normativa sobre Propiedad Intelectual y\/o Industrial. Los derechos sobre los contenidos corresponden a Atenea Park &#8211; Suites Apartaments o a terceros en su caso. El usuario s\u00f3lo podr\u00e1 visualizar y obtener una copia privada de los contenidos siempre y cuando dicha copia sea exclusivamente para su uso personal y privado, quedando terminantemente prohibida su utilizaci\u00f3n para fines comerciales.<\/p>\n\n\n\n<p><strong>4. Renuncias y Limitaciones de responsabilidad<\/strong><\/p>\n\n\n\n<p>Atenea Park &#8211; Suites Apartaments no ser\u00e1 responsable de la informaci\u00f3n, los servicios y\/o productos ofertados y\/o prestados por terceros a trav\u00e9s de la p\u00e1gina web de Atenea Park &#8211; Suites Apartaments ni de los contenidos proporcionados por terceros. Atenea Park &#8211; Suites Apartaments no garantiza la idoneidad, fiabilidad, disponibilidad, oportunidad o exactitud de informaci\u00f3n o servicios contenidos en su p\u00e1gina web, ni ser\u00e1 responsable de los da\u00f1os directos o indirectos en relaci\u00f3n con el uso de los contenidos de su p\u00e1gina web. Atenea Park &#8211; Suites Apartaments no garantiza que los contenidos de su p\u00e1gina sean aptos o disponibles fuera de Espa\u00f1a. En el supuesto de que todo o parte de los contenidos de la p\u00e1gina web de Atenea Park &#8211; Suites Apartaments sean considerados ilegales en pa\u00edses distintos de Espa\u00f1a, queda prohibido el acceso a los mismos y su utilizaci\u00f3n por los usuarios, y en el caso de que este se produzca, ser\u00e1 exclusivamente bajo la responsabilidad de los usuarios, estando estos obligados al cumplimiento de las leyes nacionales de aplicaci\u00f3n. El uso que pueda hacerse de la informaci\u00f3n y contenidos que aparecen en la p\u00e1gina web de Atenea Park &#8211; Suites Apartaments y\/o del acceso a otras p\u00e1ginas web de terceros a trav\u00e9s de conexiones o \u00ablinks\u00bb que aparecen en la p\u00e1gina de Atenea Park &#8211; Suites Apartaments se realizar\u00e1 bajo la exclusiva responsabilidad de aquellos que efect\u00faen este tipo de actos, no siendo Atenea Park &#8211; Suites Apartaments responsable en ning\u00fan caso de los da\u00f1os o perjuicios que puedan derivarse de dichos usos o actividades.<\/p>\n","protected":false},"excerpt":{"rendered":"<p>Esta p\u00e1gina web es propiedad de Sanoimels, S.L, en adelante Atenea Park &#8211; Suites Apartaments, inscrita en el Registro Mercantil de Barcelona, Tomo 35458, Folio 137, Hoja B-256948. Inscripci\u00f3n 1\u00aa en el Registro General de Empresas y Actividades Tur\u00edsticas reglamentadas en Catalu\u00f1a con los n\u00fameros ATB-000019, ATB-000020, ATB-000021. Domicilio social: C\/ Roger de Ll\u00faria, 7, [&hellip;]<\/p>\n","protected":false},"author":1,"featured_media":0,"parent":0,"menu_order":0,"comment_status":"closed","ping_status":"closed","template":"","meta":{"_acf_changed":false,"footnotes":""},"class_list":["post-4201","page","type-page","status-publish","hentry"],"acf":[],"yoast_head":"<!-- This site is optimized with the Yoast SEO plugin v27.5 - https:\/\/yoast.com\/product\/yoast-seo-wordpress\/ -->\n<title>Aviso legal | Atenea Park Suites - Apartaments<\/title>\n<meta name=\"robots\" content=\"index, follow, max-snippet:-1, max-image-preview:large, max-video-preview:-1\" \/>\n<link rel=\"canonical\" href=\"https:\/\/www.ateneapark.com\/es\/aviso-legal\" \/>\n<meta property=\"og:locale\" content=\"es_ES\" \/>\n<meta property=\"og:type\" content=\"article\" \/>\n<meta property=\"og:title\" content=\"Aviso legal | Atenea Park Suites - Apartaments\" \/>\n<meta property=\"og:description\" content=\"Esta p\u00e1gina web es propiedad de Sanoimels, S.L, en adelante Atenea Park &#8211; Suites Apartaments, inscrita en el Registro Mercantil de Barcelona, Tomo 35458, Folio 137, Hoja B-256948. Inscripci\u00f3n 1\u00aa en el Registro General de Empresas y Actividades Tur\u00edsticas reglamentadas en Catalu\u00f1a con los n\u00fameros ATB-000019, ATB-000020, ATB-000021. Domicilio social: C\/ Roger de Ll\u00faria, 7, [&hellip;]\" \/>\n<meta property=\"og:url\" content=\"https:\/\/www.ateneapark.com\/es\/aviso-legal\" \/>\n<meta property=\"og:site_name\" content=\"Atenea Park Suites - Apartaments\" \/>\n<meta property=\"article:modified_time\" content=\"2022-09-06T11:39:15+00:00\" \/>\n<meta property=\"og:image\" content=\"https:\/\/www.ateneapark.com\/wp-content\/uploads\/2022\/02\/3.2-galeria.jpg\" \/>\n\t<meta property=\"og:image:width\" content=\"1124\" \/>\n\t<meta property=\"og:image:height\" content=\"750\" \/>\n\t<meta property=\"og:image:type\" content=\"image\/jpeg\" \/>\n<meta name=\"twitter:card\" content=\"summary_large_image\" \/>\n<meta name=\"twitter:label1\" content=\"Tiempo de lectura\" \/>\n\t<meta name=\"twitter:data1\" content=\"5 minutos\" \/>\n<script type=\"application\/ld+json\" class=\"yoast-schema-graph\">{\"@context\":\"https:\\\/\\\/schema.org\",\"@graph\":[{\"@type\":\"WebPage\",\"@id\":\"https:\\\/\\\/www.ateneapark.com\\\/es\\\/aviso-legal\",\"url\":\"https:\\\/\\\/www.ateneapark.com\\\/es\\\/aviso-legal\",\"name\":\"Aviso legal | Atenea Park Suites - Apartaments\",\"isPartOf\":{\"@id\":\"https:\\\/\\\/www.ateneapark.com\\\/es\\\/#website\"},\"datePublished\":\"2022-02-16T15:52:39+00:00\",\"dateModified\":\"2022-09-06T11:39:15+00:00\",\"breadcrumb\":{\"@id\":\"https:\\\/\\\/www.ateneapark.com\\\/es\\\/aviso-legal#breadcrumb\"},\"inLanguage\":\"es\",\"potentialAction\":[{\"@type\":\"ReadAction\",\"target\":[\"https:\\\/\\\/www.ateneapark.com\\\/es\\\/aviso-legal\"]}]},{\"@type\":\"BreadcrumbList\",\"@id\":\"https:\\\/\\\/www.ateneapark.com\\\/es\\\/aviso-legal#breadcrumb\",\"itemListElement\":[{\"@type\":\"ListItem\",\"position\":1,\"name\":\"Home\",\"item\":\"https:\\\/\\\/www.ateneapark.com\\\/es\"},{\"@type\":\"ListItem\",\"position\":2,\"name\":\"Aviso legal\"}]},{\"@type\":\"WebSite\",\"@id\":\"https:\\\/\\\/www.ateneapark.com\\\/es\\\/#website\",\"url\":\"https:\\\/\\\/www.ateneapark.com\\\/es\\\/\",\"name\":\"Atenea Park Suites - Apartaments\",\"description\":\"Atenea Park est\u00e1 situado en Vilanova i la Geltr\u00fa, poblaci\u00f3n muy pr\u00f3xima a Sitges. Precio m\u00ednimo garantizado.\",\"publisher\":{\"@id\":\"https:\\\/\\\/www.ateneapark.com\\\/es\\\/#organization\"},\"potentialAction\":[{\"@type\":\"SearchAction\",\"target\":{\"@type\":\"EntryPoint\",\"urlTemplate\":\"https:\\\/\\\/www.ateneapark.com\\\/es\\\/?s={search_term_string}\"},\"query-input\":{\"@type\":\"PropertyValueSpecification\",\"valueRequired\":true,\"valueName\":\"search_term_string\"}}],\"inLanguage\":\"es\"},{\"@type\":\"Organization\",\"@id\":\"https:\\\/\\\/www.ateneapark.com\\\/es\\\/#organization\",\"name\":\"Sanoimels, S.L\",\"url\":\"https:\\\/\\\/www.ateneapark.com\\\/es\\\/\",\"logo\":{\"@type\":\"ImageObject\",\"inLanguage\":\"es\",\"@id\":\"https:\\\/\\\/www.ateneapark.com\\\/es\\\/#\\\/schema\\\/logo\\\/image\\\/\",\"url\":\"https:\\\/\\\/www.ateneapark.com\\\/wp-content\\\/uploads\\\/2022\\\/02\\\/3.2-galeria.jpg\",\"contentUrl\":\"https:\\\/\\\/www.ateneapark.com\\\/wp-content\\\/uploads\\\/2022\\\/02\\\/3.2-galeria.jpg\",\"width\":1124,\"height\":750,\"caption\":\"Sanoimels, S.L\"},\"image\":{\"@id\":\"https:\\\/\\\/www.ateneapark.com\\\/es\\\/#\\\/schema\\\/logo\\\/image\\\/\"}}]}<\/script>\n<!-- \/ Yoast SEO plugin. -->","yoast_head_json":{"title":"Aviso legal | Atenea Park Suites - Apartaments","robots":{"index":"index","follow":"follow","max-snippet":"max-snippet:-1","max-image-preview":"max-image-preview:large","max-video-preview":"max-video-preview:-1"},"canonical":"https:\/\/www.ateneapark.com\/es\/aviso-legal","og_locale":"es_ES","og_type":"article","og_title":"Aviso legal | Atenea Park Suites - Apartaments","og_description":"Esta p\u00e1gina web es propiedad de Sanoimels, S.L, en adelante Atenea Park &#8211; Suites Apartaments, inscrita en el Registro Mercantil de Barcelona, Tomo 35458, Folio 137, Hoja B-256948. Inscripci\u00f3n 1\u00aa en el Registro General de Empresas y Actividades Tur\u00edsticas reglamentadas en Catalu\u00f1a con los n\u00fameros ATB-000019, ATB-000020, ATB-000021. Domicilio social: C\/ Roger de Ll\u00faria, 7, [&hellip;]","og_url":"https:\/\/www.ateneapark.com\/es\/aviso-legal","og_site_name":"Atenea Park Suites - Apartaments","article_modified_time":"2022-09-06T11:39:15+00:00","og_image":[{"width":1124,"height":750,"url":"https:\/\/www.ateneapark.com\/wp-content\/uploads\/2022\/02\/3.2-galeria.jpg","type":"image\/jpeg"}],"twitter_card":"summary_large_image","twitter_misc":{"Tiempo de lectura":"5 minutos"},"schema":{"@context":"https:\/\/schema.org","@graph":[{"@type":"WebPage","@id":"https:\/\/www.ateneapark.com\/es\/aviso-legal","url":"https:\/\/www.ateneapark.com\/es\/aviso-legal","name":"Aviso legal | Atenea Park Suites - Apartaments","isPartOf":{"@id":"https:\/\/www.ateneapark.com\/es\/#website"},"datePublished":"2022-02-16T15:52:39+00:00","dateModified":"2022-09-06T11:39:15+00:00","breadcrumb":{"@id":"https:\/\/www.ateneapark.com\/es\/aviso-legal#breadcrumb"},"inLanguage":"es","potentialAction":[{"@type":"ReadAction","target":["https:\/\/www.ateneapark.com\/es\/aviso-legal"]}]},{"@type":"BreadcrumbList","@id":"https:\/\/www.ateneapark.com\/es\/aviso-legal#breadcrumb","itemListElement":[{"@type":"ListItem","position":1,"name":"Home","item":"https:\/\/www.ateneapark.com\/es"},{"@type":"ListItem","position":2,"name":"Aviso legal"}]},{"@type":"WebSite","@id":"https:\/\/www.ateneapark.com\/es\/#website","url":"https:\/\/www.ateneapark.com\/es\/","name":"Atenea Park Suites - Apartaments","description":"Atenea Park est\u00e1 situado en Vilanova i la Geltr\u00fa, poblaci\u00f3n muy pr\u00f3xima a Sitges. Precio m\u00ednimo garantizado.","publisher":{"@id":"https:\/\/www.ateneapark.com\/es\/#organization"},"potentialAction":[{"@type":"SearchAction","target":{"@type":"EntryPoint","urlTemplate":"https:\/\/www.ateneapark.com\/es\/?s={search_term_string}"},"query-input":{"@type":"PropertyValueSpecification","valueRequired":true,"valueName":"search_term_string"}}],"inLanguage":"es"},{"@type":"Organization","@id":"https:\/\/www.ateneapark.com\/es\/#organization","name":"Sanoimels, S.L","url":"https:\/\/www.ateneapark.com\/es\/","logo":{"@type":"ImageObject","inLanguage":"es","@id":"https:\/\/www.ateneapark.com\/es\/#\/schema\/logo\/image\/","url":"https:\/\/www.ateneapark.com\/wp-content\/uploads\/2022\/02\/3.2-galeria.jpg","contentUrl":"https:\/\/www.ateneapark.com\/wp-content\/uploads\/2022\/02\/3.2-galeria.jpg","width":1124,"height":750,"caption":"Sanoimels, S.L"},"image":{"@id":"https:\/\/www.ateneapark.com\/es\/#\/schema\/logo\/image\/"}}]}},"_links":{"self":[{"href":"https:\/\/www.ateneapark.com\/es\/wp-json\/wp\/v2\/pages\/4201","targetHints":{"allow":["GET"]}}],"collection":[{"href":"https:\/\/www.ateneapark.com\/es\/wp-json\/wp\/v2\/pages"}],"about":[{"href":"https:\/\/www.ateneapark.com\/es\/wp-json\/wp\/v2\/types\/page"}],"author":[{"embeddable":true,"href":"https:\/\/www.ateneapark.com\/es\/wp-json\/wp\/v2\/users\/1"}],"replies":[{"embeddable":true,"href":"https:\/\/www.ateneapark.com\/es\/wp-json\/wp\/v2\/comments?post=4201"}],"version-history":[{"count":4,"href":"https:\/\/www.ateneapark.com\/es\/wp-json\/wp\/v2\/pages\/4201\/revisions"}],"predecessor-version":[{"id":5332,"href":"https:\/\/www.ateneapark.com\/es\/wp-json\/wp\/v2\/pages\/4201\/revisions\/5332"}],"wp:attachment":[{"href":"https:\/\/www.ateneapark.com\/es\/wp-json\/wp\/v2\/media?parent=4201"}],"curies":[{"name":"wp","href":"https:\/\/api.w.org\/{rel}","templated":true}]}}