{"id":4195,"date":"2022-02-16T15:49:49","date_gmt":"2022-02-16T15:49:49","guid":{"rendered":"http:\/\/www.ateneapark.com\/?page_id=4195"},"modified":"2022-09-06T13:40:09","modified_gmt":"2022-09-06T11:40:09","slug":"politica-de-privacidad","status":"publish","type":"page","link":"https:\/\/www.ateneapark.com\/es\/politica-de-privacidad","title":{"rendered":"Pol\u00edtica de Privacidad"},"content":{"rendered":"\n<p><strong>1. Pol\u00edtica de Privacidad<\/strong><\/p>\n\n\n\n<p>En virtud de lo previsto en el Reglamento (UE) 2016\/679 del Parlamento Europeo y del Consejo, de 27 de abril de 2016, relativo a la protecci\u00f3n de las personas f\u00edsicas en lo que respecta al tratamiento de datos personales y a la libre circulaci\u00f3n de estos datos y por el que se deroga la Directiva 95\/46\/CE (Reglamento general de protecci\u00f3n de datos), le comunicamos que los datos que nos facilite ser\u00e1n tratados por el titular del presente sitio web con las siguientes finalidades:<\/p>\n\n\n\n<p><strong>Apartado \u201cAtenci\u00f3n al cliente \/ Contacto\u201d:<\/strong> Los datos que nos facilite ser\u00e1n tratados con la finalidad de contestar a sus consultas o peticiones y prestarles los servicios solicitados por usted.<\/p>\n\n\n\n<p><strong>\u201cSuscripci\u00f3n al Newsletter\u201d:<\/strong> Le comunicamos que los datos que nos facilite se tratar\u00e1n con la finalidad de gestionar el env\u00edo de informaci\u00f3n comercial a trav\u00e9s de correo ordinario, e-mail, sms o fax, sobre nuestro Hotel.<\/p>\n\n\n\n<p><strong>\u201cReservas\u201d:<\/strong> Los datos personales facilitados en este apartado se tratar\u00e1n con la finalidad de gestionar las reservas solicitadas por usted. En todos los casos, los datos facilitados podr\u00e1n ser tratados con la finalidad de elaborar estad\u00edsticas internas para mejorar nuestros servicios. Los datos personales facilitados solo se conservar\u00e1n mientras se mantenga nuestra relaci\u00f3n comercial, y ser\u00e1n bloqueados una vez extinguida esta, durante el plazo que establezcan las prescripciones legales, a disposici\u00f3n \u00fanicamente de Juzgados y Tribunales para atender posibles reclamaciones, tras los cuales, dichos datos ser\u00e1n cancelados. La base legal para el tratamiento de sus datos es el cumplimiento de las obligaciones contractuales asumidas por usted al solicitar nuestros servicios. Le informamos que los datos personales facilitados podr\u00e1n ser tratados con la finalidad de enviarle comunicaciones informativas y de otro tipo (ofertas, eventos, felicitaciones) para lo cual tiene que marcar la siguiente casilla habilitada para tal efecto. Los datos proporcionados se conservar\u00e1n con esta finalidad mientras no solicite el cese de los env\u00edos publicitarios. Usted tendr\u00e1 derecho a retirar su consentimiento en cualquier momento. La retirada del consentimiento no afectar\u00e1 a la licitud del tratamiento basada en el consentimiento previo a su retirada. Puede ejercitar en cualquier momento los derechos de acceso, rectificaci\u00f3n, supresi\u00f3n, oposici\u00f3n, limitaci\u00f3n del tratamiento, dirigi\u00e9ndose a la siguiente direcci\u00f3n de correo electr\u00f3nico: reservas@ateneapark.com o a la siguiente direcci\u00f3n postal: Atenea Park &#8211; Suites Apartaments, con domicilio en C\/ Roger de Ll\u00faria, 7, 1\u00ba A 08010 Barcelona.<\/p>\n\n\n\n<p>Recibida su solicitud, le enviaremos un formulario para el ejercicio del derecho concreto solicitado, que deber\u00e1 cumplimentar y enviarnos junto con una fotocopia de su D.N.I. o Pasaporte. Una vez recibida dicha documentaci\u00f3n, atenderemos el ejercicio de sus derechos en los plazos establecidos legalmente y en caso de no haber obtenido satisfacci\u00f3n en el ejercicio de sus derechos podr\u00e1 presentar una reclamaci\u00f3n a la Autoridad de control, Agencia Espa\u00f1ola de Protecci\u00f3n de Datos: www.agdp.es<\/p>\n\n\n\n<p><strong>2. Cookies<\/strong><\/p>\n\n\n\n<p>Ver pol\u00edtica de uso de cookies<\/p>\n\n\n\n<p><strong>3. Registro de visitas<\/strong><\/p>\n\n\n\n<p>En cada acceso al servidor de Atenea Park &#8211; Suites Apartaments se recoger\u00e1 la direcci\u00f3n IP desde la que navega el usuario y se registrar\u00e1 el mismo, as\u00ed como las p\u00e1ginas que visite de Atenea Park &#8211; Suites Apartaments. Estos datos ser\u00e1n almacenados en un archivo LOG con fines estad\u00edsticos y para determinar el n\u00famero de p\u00e1ginas vistas.<\/p>\n\n\n\n<p><strong>4. Hiperenlaces<\/strong><\/p>\n\n\n\n<p>El portal de www.ateneapark.com permite acceder a otras p\u00e1ginas web gestionadas y controladas por terceros a trav\u00e9s de diferentes enlaces para facilitar a los usuarios la b\u00fasqueda de informaci\u00f3n, contenidos y servicios de Internet, sin que en ning\u00fan caso pueda considerarse una recomendaci\u00f3n o invitaci\u00f3n para la visita de los mismos. La realizaci\u00f3n de un hiperenlace desde una p\u00e1gina web de otro portal de Internet a cualquiera de las p\u00e1ginas del portal deber\u00e1 someterse a las siguientes condiciones:<\/p>\n\n\n\n<p>\u2022 Cualquier hiperenlace al portal de www.ateneapark.com se efectuar\u00e1 a su p\u00e1gina principal o p\u00e1ginas principales de las secciones que contiene;<br>\u2022 No se permite la reproducci\u00f3n, en ning\u00fan caso, de los servicios o contenidos del portal de Atenea Park &#8211; Suites Apartaments;<br>\u2022 La p\u00e1gina web en la que se establezca el hiperenlace no contendr\u00e1 informaciones o contenidos il\u00edcitos, contrarios a la moral, a las buenas costumbres o al orden p\u00fablico, ni proporcionar\u00e1 contenidos contrarios a cualquier derecho de terceros;<br>\u2022 Salvo aquellos signos que formen parte del hiperenlace, la p\u00e1gina web en la que se establezca no contendr\u00e1 ninguna marca, nombre comercial, r\u00f3tulo de establecimiento, denominaci\u00f3n, logotipo, eslogan u otros signos distintivos pertenecientes a Atenea Park &#8211; Suites Apartaments;<br>\u2022 El establecimiento del hiperenlace no implicar\u00e1 la existencia de relaciones entre Atenea Park &#8211; Suites Apartaments y el titular de la p\u00e1gina web o del portal desde el cual se realice, ni que Atenea Park &#8211; Suites Apartaments haya autorizado el hiperenlace o supervisado, conocido, aceptado o asumido los servicios y contenidos ofrecidos en dicho portal. Atenea Park &#8211; Suites Apartaments no comercializa, ni controla previamente, ni hace propios los contenidos, servicios e informaciones disponibles en dichas p\u00e1ginas web, no siendo responsable de los mismos ni de las informaciones y manifestaciones que se incluyan en ellas. Atenea Park &#8211; Suites Apartaments no es responsable tampoco por los da\u00f1os y perjuicios de toda clase que pudieran derivarse del acceso, mantenimiento, uso, calidad, licitud, fiabilidad y utilidad de los contenidos, informaciones, comunicaciones, manifestaciones, productos y servicios existentes u ofrecidos en las p\u00e1ginas web no gestionadas por si mismo.<\/p>\n\n\n\n<p><strong>5. General<\/strong><\/p>\n\n\n\n<p>Atenea Park &#8211; Suites Apartaments se reserva, sin necesidad de previo aviso y en cualquier momento, el derecho a suspender temporalmente el acceso a su p\u00e1gina web y a efectuar las modificaciones que considere oportunas de la p\u00e1gina, de los servicios o informaciones ofrecidas, de la presentaci\u00f3n o localizaci\u00f3n de las misma y de las condiciones de acceso y uso de la p\u00e1gina web de Atenea Park &#8211; Suites Apartaments. Toda la informaci\u00f3n que se reciba en esta p\u00e1gina web se considerar\u00e1 cedida a Atenea Park &#8211; Suites Apartaments a t\u00edtulo gratuito. El correo electr\u00f3nico no ser\u00e1 considerado como medio v\u00e1lido a los efectos de presentaci\u00f3n de reclamaciones. Para ello deber\u00e1n dirigirse al Departamento de Asesor\u00eda Jur\u00eddica de Atenea Park &#8211; Suites Apartaments, situada en C\/ Roger de Ll\u00faria, 7, 1\u00ba A 08010 Barcelona que indicar\u00e1 en cada caso los cauces a seguir.<\/p>\n\n\n\n<p>Todas las cuestiones relativas a la p\u00e1gina web de Atenea Park &#8211; Suites Apartaments se rigen por la legislaci\u00f3n espa\u00f1ola y se someten a la jurisdicci\u00f3n de los Juzgados y Tribunales correspondientes, con renuncia a cualquier fuero que pudiera corresponder.<\/p>\n\n\n\n<p><strong>6. Veracidad de los datos<\/strong><\/p>\n\n\n\n<p>El usuario responder\u00e1, en cualquier caso, de la veracidad de los datos facilitados, reserv\u00e1ndose Atenea Park &#8211; Suites Apartaments el derecho a excluir de los servicios registrados a todo usuario que haya facilitado datos falsos, sin perjuicio de las dem\u00e1s acciones que procedan en Derecho. Asimismo, el usuario debe hallarse debidamente habilitado para facilitar datos de terceras personas. S\u00f3lo si cuenta con el consentimiento de los futuros hu\u00e9spedes del hotel, el usuario podr\u00e1 facilitar al hotel dichos datos. Tal informaci\u00f3n, que permitir\u00e1 a Atenea Park &#8211; Suites Apartaments procurarle un mejor servicio a sus hu\u00e9spedes es opcional, por lo que, su consignaci\u00f3n por el usuario, implica, bajo su exclusiva responsabilidad, la asunci\u00f3n del deber de informar a aquellos del contenido de nuestra Pol\u00edtica de Privacidad con car\u00e1cter previo al ofrecimiento de la informaci\u00f3n personal.<\/p>\n\n\n\n<p><strong>7. Responsabilidad del establecimiento <\/strong><\/p>\n\n\n\n<p>El acceso a la p\u00e1gina no supone en ning\u00fan caso la existencia de una relaci\u00f3n comercial entre usuario y Atenea Park &#8211; Suites Apartaments. El portal \u00fanicamente suministra informaci\u00f3n acerca de las plazas hoteleras vacantes en el momento de solicitar la mencionada informaci\u00f3n, por lo cual si usted efect\u00faa la reserva on-line, est\u00e1 contratando directamente con el hotel y no con el portal. La versi\u00f3n impresa de la reserva efectuada sirve de localizador cuando acuda al hotel. La reserva de noches de hotel en este sitio web implica la adhesi\u00f3n y aceptaci\u00f3n por parte del cliente de todas y cada una de las condiciones generales aqu\u00ed expuestas. Mediante la aceptaci\u00f3n de las siguientes cl\u00e1usulas, usted declara y acepta:<\/p>\n\n\n\n<p>1) Ser mayor de edad y disponer de plena capacidad para efectuar la reserva, manifestando que entiende y comprende la totalidad de las condiciones que se encuentran en la p\u00e1gina web.<br>2) Que los datos suministrados cuando efect\u00faa la reserva on-line son verdaderos, completos y concisos.<br>3) \u00danicamente se encuentran comprendidas en la web aquellas p\u00e1ginas que figuran dentro del mapa web.<br>4) Que el acceso a esta p\u00e1gina web es responsabilidad del usuario.<br>5) Que una vez realizada la reserva se proceder\u00e1 al archivo del documento electr\u00f3nico en que se ha formalizado, usted podr\u00e1 acceder al mismo en cualquier momento.<br>6) Que confirma la reserva hecha, es decir, las fechas indicadas, el n\u00famero de habitaciones, de personas y el Hotel escogido.<br>7) Las condiciones y precio de la reserva efectuada, son los que se determina expresamente en las condiciones de la tarifa incluidas expresamente en la p\u00e1gina que usted hace la reserva.<br>8) Respecto a la relaci\u00f3n con el portal, \u00e9ste le da la posibilidad de reservar habitaciones del hotel elegido a trav\u00e9s de su p\u00e1gina web, pero no ofrece ning\u00fan tipo de prestaci\u00f3n hotelera bajo su responsabilidad.<br>9) Que los datos de su tarjeta se recogen a efectos de garantizar la reserva. El pago de la misma se har\u00e1 efectivo en el Hotel elegido y s\u00f3lo en el caso de cancelaciones o incomparecencias (no shows), se proceder\u00e1 a la anulaci\u00f3n de la reserva y se le efectuar\u00e1 el cargo fijado en las condiciones de la tarifa.<br>10) Las ofertas s\u00f3lo ser\u00e1n v\u00e1lidas durante el tiempo que permanezcan accesibles a los destinatarios del servicio.<\/p>\n\n\n\n<p><strong>8. Precios<\/strong><\/p>\n\n\n\n<p>Los precios que se indican son Precios Venta al P\u00fablico I.V.A. incluido. El precio incluye: Precio por noche en funci\u00f3n del tipo de habitaci\u00f3n y r\u00e9gimen seleccionados, a excepci\u00f3n de los hoteles en los que se indique espec\u00edficamente la inclusi\u00f3n de otros servicios. El precio no incluye: Cualquier servicio no especificado adem\u00e1s de extras tales como traslados, propinas, llamadas telef\u00f3nicas, servicios de lavander\u00eda, minibar, parking, etc&#8230; Hora de entrada (check-in) y de salida (check-out) por norma general y salvo que expresamente se pacte otra cosa con el establecimiento, las habitaciones podr\u00e1n ser utilizadas a partir de las 14 horas del d\u00eda de llegada y deber\u00e1n quedar libres a las 12 horas del d\u00eda de salida.<\/p>\n\n\n\n<p><strong>9.Pasaportes y visados<\/strong> Todos los viajeros, sin excepci\u00f3n (ni\u00f1os incluidos), deber\u00e1n llevar en regla su documentaci\u00f3n personal y familiar correspondiente, sea el pasaporte o D.N.I., seg\u00fan la legislaci\u00f3n vigente. Ser\u00e1 por cuenta de los mismos cuando los viajes as\u00ed lo requieran la obtenci\u00f3n de visados, pasaportes, certificados de vacunaci\u00f3n, etc. Los menores de 18 a\u00f1os deben llevar un permiso escrito firmado por sus padres o tutores, en previsi\u00f3n de que el mismo pueda ser solicitado por cualquier autoridad. Caso de ser rechazada por alguna Autoridad la concesi\u00f3n de visados, por causas particulares del usuario, o ser denegada su entrada en el pa\u00eds por carecer de los requisitos que se exigen, o por defecto en la documentaci\u00f3n exigida, o por no ser portador de la misma, el hotel declina toda responsabilidad por hechos de esta \u00edndole, siendo por cuenta del consumidor cualquier gasto que se origine, aplic\u00e1ndose en estas circunstancias las condiciones y normas establecidas para el supuesto de no-show.<\/p>\n","protected":false},"excerpt":{"rendered":"<p>1. Pol\u00edtica de Privacidad En virtud de lo previsto en el Reglamento (UE) 2016\/679 del Parlamento Europeo y del Consejo, de 27 de abril de 2016, relativo a la protecci\u00f3n de las personas f\u00edsicas en lo que respecta al tratamiento de datos personales y a la libre circulaci\u00f3n de estos datos y por el que [&hellip;]<\/p>\n","protected":false},"author":1,"featured_media":0,"parent":0,"menu_order":0,"comment_status":"closed","ping_status":"closed","template":"","meta":{"_acf_changed":false,"footnotes":""},"class_list":["post-4195","page","type-page","status-publish","hentry"],"acf":[],"yoast_head":"<!-- This site is optimized with the Yoast SEO plugin v27.5 - https:\/\/yoast.com\/product\/yoast-seo-wordpress\/ -->\n<title>Pol\u00edtica de Privacidad | Atenea Park Suites - Apartaments<\/title>\n<meta name=\"robots\" content=\"index, follow, max-snippet:-1, max-image-preview:large, max-video-preview:-1\" \/>\n<link rel=\"canonical\" href=\"https:\/\/www.ateneapark.com\/es\/politica-de-privacidad\" \/>\n<meta property=\"og:locale\" content=\"es_ES\" \/>\n<meta property=\"og:type\" content=\"article\" \/>\n<meta property=\"og:title\" content=\"Pol\u00edtica de Privacidad | Atenea Park Suites - Apartaments\" \/>\n<meta property=\"og:description\" content=\"1. Pol\u00edtica de Privacidad En virtud de lo previsto en el Reglamento (UE) 2016\/679 del Parlamento Europeo y del Consejo, de 27 de abril de 2016, relativo a la protecci\u00f3n de las personas f\u00edsicas en lo que respecta al tratamiento de datos personales y a la libre circulaci\u00f3n de estos datos y por el que [&hellip;]\" \/>\n<meta property=\"og:url\" content=\"https:\/\/www.ateneapark.com\/es\/politica-de-privacidad\" \/>\n<meta property=\"og:site_name\" content=\"Atenea Park Suites - Apartaments\" \/>\n<meta property=\"article:modified_time\" content=\"2022-09-06T11:40:09+00:00\" \/>\n<meta property=\"og:image\" content=\"https:\/\/www.ateneapark.com\/wp-content\/uploads\/2022\/02\/3.2-galeria.jpg\" \/>\n\t<meta property=\"og:image:width\" content=\"1124\" \/>\n\t<meta property=\"og:image:height\" content=\"750\" \/>\n\t<meta property=\"og:image:type\" content=\"image\/jpeg\" \/>\n<meta name=\"twitter:card\" content=\"summary_large_image\" \/>\n<meta name=\"twitter:label1\" content=\"Tiempo de lectura\" \/>\n\t<meta name=\"twitter:data1\" content=\"9 minutos\" \/>\n<script type=\"application\/ld+json\" class=\"yoast-schema-graph\">{\"@context\":\"https:\\\/\\\/schema.org\",\"@graph\":[{\"@type\":\"WebPage\",\"@id\":\"https:\\\/\\\/www.ateneapark.com\\\/es\\\/politica-de-privacidad\",\"url\":\"https:\\\/\\\/www.ateneapark.com\\\/es\\\/politica-de-privacidad\",\"name\":\"Pol\u00edtica de Privacidad | Atenea Park Suites - Apartaments\",\"isPartOf\":{\"@id\":\"https:\\\/\\\/www.ateneapark.com\\\/es\\\/#website\"},\"datePublished\":\"2022-02-16T15:49:49+00:00\",\"dateModified\":\"2022-09-06T11:40:09+00:00\",\"breadcrumb\":{\"@id\":\"https:\\\/\\\/www.ateneapark.com\\\/es\\\/politica-de-privacidad#breadcrumb\"},\"inLanguage\":\"es\",\"potentialAction\":[{\"@type\":\"ReadAction\",\"target\":[\"https:\\\/\\\/www.ateneapark.com\\\/es\\\/politica-de-privacidad\"]}]},{\"@type\":\"BreadcrumbList\",\"@id\":\"https:\\\/\\\/www.ateneapark.com\\\/es\\\/politica-de-privacidad#breadcrumb\",\"itemListElement\":[{\"@type\":\"ListItem\",\"position\":1,\"name\":\"Home\",\"item\":\"https:\\\/\\\/www.ateneapark.com\\\/es\"},{\"@type\":\"ListItem\",\"position\":2,\"name\":\"Pol\u00edtica de Privacidad\"}]},{\"@type\":\"WebSite\",\"@id\":\"https:\\\/\\\/www.ateneapark.com\\\/es\\\/#website\",\"url\":\"https:\\\/\\\/www.ateneapark.com\\\/es\\\/\",\"name\":\"Atenea Park Suites - Apartaments\",\"description\":\"Atenea Park est\u00e1 situado en Vilanova i la Geltr\u00fa, poblaci\u00f3n muy pr\u00f3xima a Sitges. Precio m\u00ednimo garantizado.\",\"publisher\":{\"@id\":\"https:\\\/\\\/www.ateneapark.com\\\/es\\\/#organization\"},\"potentialAction\":[{\"@type\":\"SearchAction\",\"target\":{\"@type\":\"EntryPoint\",\"urlTemplate\":\"https:\\\/\\\/www.ateneapark.com\\\/es\\\/?s={search_term_string}\"},\"query-input\":{\"@type\":\"PropertyValueSpecification\",\"valueRequired\":true,\"valueName\":\"search_term_string\"}}],\"inLanguage\":\"es\"},{\"@type\":\"Organization\",\"@id\":\"https:\\\/\\\/www.ateneapark.com\\\/es\\\/#organization\",\"name\":\"Sanoimels, S.L\",\"url\":\"https:\\\/\\\/www.ateneapark.com\\\/es\\\/\",\"logo\":{\"@type\":\"ImageObject\",\"inLanguage\":\"es\",\"@id\":\"https:\\\/\\\/www.ateneapark.com\\\/es\\\/#\\\/schema\\\/logo\\\/image\\\/\",\"url\":\"https:\\\/\\\/www.ateneapark.com\\\/wp-content\\\/uploads\\\/2022\\\/02\\\/3.2-galeria.jpg\",\"contentUrl\":\"https:\\\/\\\/www.ateneapark.com\\\/wp-content\\\/uploads\\\/2022\\\/02\\\/3.2-galeria.jpg\",\"width\":1124,\"height\":750,\"caption\":\"Sanoimels, S.L\"},\"image\":{\"@id\":\"https:\\\/\\\/www.ateneapark.com\\\/es\\\/#\\\/schema\\\/logo\\\/image\\\/\"}}]}<\/script>\n<!-- \/ Yoast SEO plugin. -->","yoast_head_json":{"title":"Pol\u00edtica de Privacidad | Atenea Park Suites - Apartaments","robots":{"index":"index","follow":"follow","max-snippet":"max-snippet:-1","max-image-preview":"max-image-preview:large","max-video-preview":"max-video-preview:-1"},"canonical":"https:\/\/www.ateneapark.com\/es\/politica-de-privacidad","og_locale":"es_ES","og_type":"article","og_title":"Pol\u00edtica de Privacidad | Atenea Park Suites - Apartaments","og_description":"1. Pol\u00edtica de Privacidad En virtud de lo previsto en el Reglamento (UE) 2016\/679 del Parlamento Europeo y del Consejo, de 27 de abril de 2016, relativo a la protecci\u00f3n de las personas f\u00edsicas en lo que respecta al tratamiento de datos personales y a la libre circulaci\u00f3n de estos datos y por el que [&hellip;]","og_url":"https:\/\/www.ateneapark.com\/es\/politica-de-privacidad","og_site_name":"Atenea Park Suites - Apartaments","article_modified_time":"2022-09-06T11:40:09+00:00","og_image":[{"width":1124,"height":750,"url":"https:\/\/www.ateneapark.com\/wp-content\/uploads\/2022\/02\/3.2-galeria.jpg","type":"image\/jpeg"}],"twitter_card":"summary_large_image","twitter_misc":{"Tiempo de lectura":"9 minutos"},"schema":{"@context":"https:\/\/schema.org","@graph":[{"@type":"WebPage","@id":"https:\/\/www.ateneapark.com\/es\/politica-de-privacidad","url":"https:\/\/www.ateneapark.com\/es\/politica-de-privacidad","name":"Pol\u00edtica de Privacidad | Atenea Park Suites - Apartaments","isPartOf":{"@id":"https:\/\/www.ateneapark.com\/es\/#website"},"datePublished":"2022-02-16T15:49:49+00:00","dateModified":"2022-09-06T11:40:09+00:00","breadcrumb":{"@id":"https:\/\/www.ateneapark.com\/es\/politica-de-privacidad#breadcrumb"},"inLanguage":"es","potentialAction":[{"@type":"ReadAction","target":["https:\/\/www.ateneapark.com\/es\/politica-de-privacidad"]}]},{"@type":"BreadcrumbList","@id":"https:\/\/www.ateneapark.com\/es\/politica-de-privacidad#breadcrumb","itemListElement":[{"@type":"ListItem","position":1,"name":"Home","item":"https:\/\/www.ateneapark.com\/es"},{"@type":"ListItem","position":2,"name":"Pol\u00edtica de Privacidad"}]},{"@type":"WebSite","@id":"https:\/\/www.ateneapark.com\/es\/#website","url":"https:\/\/www.ateneapark.com\/es\/","name":"Atenea Park Suites - Apartaments","description":"Atenea Park est\u00e1 situado en Vilanova i la Geltr\u00fa, poblaci\u00f3n muy pr\u00f3xima a Sitges. Precio m\u00ednimo garantizado.","publisher":{"@id":"https:\/\/www.ateneapark.com\/es\/#organization"},"potentialAction":[{"@type":"SearchAction","target":{"@type":"EntryPoint","urlTemplate":"https:\/\/www.ateneapark.com\/es\/?s={search_term_string}"},"query-input":{"@type":"PropertyValueSpecification","valueRequired":true,"valueName":"search_term_string"}}],"inLanguage":"es"},{"@type":"Organization","@id":"https:\/\/www.ateneapark.com\/es\/#organization","name":"Sanoimels, S.L","url":"https:\/\/www.ateneapark.com\/es\/","logo":{"@type":"ImageObject","inLanguage":"es","@id":"https:\/\/www.ateneapark.com\/es\/#\/schema\/logo\/image\/","url":"https:\/\/www.ateneapark.com\/wp-content\/uploads\/2022\/02\/3.2-galeria.jpg","contentUrl":"https:\/\/www.ateneapark.com\/wp-content\/uploads\/2022\/02\/3.2-galeria.jpg","width":1124,"height":750,"caption":"Sanoimels, S.L"},"image":{"@id":"https:\/\/www.ateneapark.com\/es\/#\/schema\/logo\/image\/"}}]}},"_links":{"self":[{"href":"https:\/\/www.ateneapark.com\/es\/wp-json\/wp\/v2\/pages\/4195","targetHints":{"allow":["GET"]}}],"collection":[{"href":"https:\/\/www.ateneapark.com\/es\/wp-json\/wp\/v2\/pages"}],"about":[{"href":"https:\/\/www.ateneapark.com\/es\/wp-json\/wp\/v2\/types\/page"}],"author":[{"embeddable":true,"href":"https:\/\/www.ateneapark.com\/es\/wp-json\/wp\/v2\/users\/1"}],"replies":[{"embeddable":true,"href":"https:\/\/www.ateneapark.com\/es\/wp-json\/wp\/v2\/comments?post=4195"}],"version-history":[{"count":4,"href":"https:\/\/www.ateneapark.com\/es\/wp-json\/wp\/v2\/pages\/4195\/revisions"}],"predecessor-version":[{"id":5333,"href":"https:\/\/www.ateneapark.com\/es\/wp-json\/wp\/v2\/pages\/4195\/revisions\/5333"}],"wp:attachment":[{"href":"https:\/\/www.ateneapark.com\/es\/wp-json\/wp\/v2\/media?parent=4195"}],"curies":[{"name":"wp","href":"https:\/\/api.w.org\/{rel}","templated":true}]}}