{"id":1760,"date":"2022-02-03T16:17:58","date_gmt":"2022-02-03T16:17:58","guid":{"rendered":"http:\/\/www.ateneapark.com\/?page_id=1760"},"modified":"2024-09-26T08:15:39","modified_gmt":"2024-09-26T06:15:39","slug":"mis-reservas","status":"publish","type":"page","link":"https:\/\/www.ateneapark.com\/es\/mis-reservas","title":{"rendered":"Mis reservas"},"content":{"rendered":"<h1>Mis reservas<\/h1>\n<div>\n<p>Por favor, indica tu correo electr\u00f3nico y contrase\u00f1a para consultar, modificar o cancelar tu reserva.<\/p>\n<\/div>\n<div>\n<div id=\"GNAHS-my-booking\"><\/div>\n<\/div>\n<div>\n<p>    <script>\nwindow.GNAHS_MyBooking = {\nurl: 'https:\/\/gisclareny.gnahs.app\/atenea-park',\nlocale: 'es', \/* Modificar seg\u00fan idioma de la web *\/\n}\n<\/script>\n<\/div>\n<div>\n<p>    <script defer src=\"https:\/\/gisclareny.gnahs.app\/my-booking\/launcher.js\"><\/script>\n<\/div>\n<p><!--more--><br \/>\n<!-- {\"type\":\"layout\",\"children\":[{\"type\":\"section\",\"props\":{\"height\":\"section\",\"height_offset_top\":true,\"image_position\":\"center-center\",\"style\":\"default\",\"title_breakpoint\":\"xl\",\"title_position\":\"top-left\",\"title_rotation\":\"left\",\"vertical_align\":\"\",\"width\":\"small\"},\"children\":[{\"type\":\"row\",\"children\":[{\"type\":\"column\",\"props\":{\"image_position\":\"center-center\",\"position_sticky_breakpoint\":\"m\"},\"children\":[{\"type\":\"headline\",\"props\":{\"content\":\"Mis reservas\",\"title_color\":\"primary\",\"title_element\":\"h1\",\"title_style\":\"heading-small\"}},{\"type\":\"text\",\"props\":{\"column_breakpoint\":\"m\",\"content\":\"\n\n<p>Por favor, indica tu correo electr\\u00f3nico y contrase\\u00f1a para consultar, modificar o cancelar tu reserva.<\\\/p>\",\"margin\":\"default\"}},{\"type\":\"html\",\"props\":{\"content\":\"<script src=\\\"https:\\\/\\\/rhoapi14.gnahs.com\\\/webscripts\\\/rhoMyBooking.js\\\"><\\\/script>\\n\"}},{\"type\":\"html\",\"props\":{\"content\":\"\n\n<div id=\\\"rho-my-booking\\\"><\\\/div>\\n\"}},{\"type\":\"html\",\"props\":{\"content\":\"<script type=\\\"text\\\/javascript\\\">\\nnew window.RhoMyBooking({\\n    locale:'es',\\n    style:{\\n        brandColor:'#77777c',\\n        borderRadius:'0',\\n        textColor:'#fff',\\n        padding:'17px 55px'\\n    },\\n    params:{\\n        bookingUrl:'http:\\\/\\\/www.ateneapark.com\\\/reservas\\\/',\\n        secretKey:'7cum8EAFQmfSqTkWQtULTjdk',\\n        api:'rhoapi14',\\n    },\\n})\\n<\\\/script>\\n\\n\"}}]}],\"props\":{\"status\":\"disabled\"}},{\"type\":\"row\",\"children\":[{\"type\":\"column\",\"props\":{\"image_position\":\"center-center\",\"position_sticky_breakpoint\":\"m\"},\"children\":[{\"type\":\"headline\",\"props\":{\"content\":\"Mis reservas\",\"title_color\":\"primary\",\"title_element\":\"h1\",\"title_style\":\"heading-small\"}},{\"type\":\"text\",\"props\":{\"column_breakpoint\":\"m\",\"content\":\"\n\n<p>Por favor, indica tu correo electr\\u00f3nico y contrase\\u00f1a para consultar, modificar o cancelar tu reserva.<\\\/p>\",\"margin\":\"default\"}},{\"type\":\"html\",\"props\":{\"content\":\"\n\n<div id=\\\"GNAHS-my-booking\\\"><\\\/div>\"}},{\"type\":\"html\",\"props\":{\"content\":\"<script>\\nwindow.GNAHS_MyBooking = {\\nurl: 'https:\\\/\\\/gisclareny.gnahs.app\\\/atenea-park',\\nlocale: 'es', \\\/* Modificar seg\\u00fan idioma de la web *\\\/\\n}\\n<\\\/script>\"}},{\"type\":\"html\",\"props\":{\"content\":\"<script defer src=\\\"https:\\\/\\\/gisclareny.gnahs.app\\\/my-booking\\\/launcher.js\\\"><\\\/script>\"}}]}]}]}],\"version\":\"4.4.8\"} --><\/p>\n","protected":false},"excerpt":{"rendered":"<p>Mis reservas Por favor, indica tu correo electr\u00f3nico y contrase\u00f1a para consultar, modificar o cancelar tu reserva.<\/p>\n","protected":false},"author":1,"featured_media":0,"parent":0,"menu_order":0,"comment_status":"closed","ping_status":"closed","template":"","meta":{"_acf_changed":false,"footnotes":""},"class_list":["post-1760","page","type-page","status-publish","hentry"],"acf":[],"yoast_head":"<!-- This site is optimized with the Yoast SEO plugin v27.5 - https:\/\/yoast.com\/product\/yoast-seo-wordpress\/ -->\n<title>Mis reservas | Atenea Park Suites - Apartaments<\/title>\n<meta name=\"robots\" content=\"index, follow, max-snippet:-1, max-image-preview:large, max-video-preview:-1\" \/>\n<link rel=\"canonical\" href=\"https:\/\/www.ateneapark.com\/es\/mis-reservas\" \/>\n<meta property=\"og:locale\" content=\"es_ES\" \/>\n<meta property=\"og:type\" content=\"article\" \/>\n<meta property=\"og:title\" content=\"Mis reservas | Atenea Park Suites - Apartaments\" \/>\n<meta property=\"og:description\" content=\"Mis reservas Por favor, indica tu correo electr\u00f3nico y contrase\u00f1a para consultar, modificar o cancelar tu reserva.\" \/>\n<meta property=\"og:url\" content=\"https:\/\/www.ateneapark.com\/es\/mis-reservas\" \/>\n<meta property=\"og:site_name\" content=\"Atenea Park Suites - Apartaments\" \/>\n<meta property=\"article:modified_time\" content=\"2024-09-26T06:15:39+00:00\" \/>\n<meta property=\"og:image\" content=\"https:\/\/www.ateneapark.com\/wp-content\/uploads\/2022\/02\/3.2-galeria.jpg\" \/>\n\t<meta property=\"og:image:width\" content=\"1124\" \/>\n\t<meta property=\"og:image:height\" content=\"750\" \/>\n\t<meta property=\"og:image:type\" content=\"image\/jpeg\" \/>\n<meta name=\"twitter:card\" content=\"summary_large_image\" \/>\n<script type=\"application\/ld+json\" class=\"yoast-schema-graph\">{\"@context\":\"https:\\\/\\\/schema.org\",\"@graph\":[{\"@type\":\"WebPage\",\"@id\":\"https:\\\/\\\/www.ateneapark.com\\\/es\\\/mis-reservas\",\"url\":\"https:\\\/\\\/www.ateneapark.com\\\/es\\\/mis-reservas\",\"name\":\"Mis reservas | Atenea Park Suites - Apartaments\",\"isPartOf\":{\"@id\":\"https:\\\/\\\/www.ateneapark.com\\\/es\\\/#website\"},\"datePublished\":\"2022-02-03T16:17:58+00:00\",\"dateModified\":\"2024-09-26T06:15:39+00:00\",\"breadcrumb\":{\"@id\":\"https:\\\/\\\/www.ateneapark.com\\\/es\\\/mis-reservas#breadcrumb\"},\"inLanguage\":\"es\",\"potentialAction\":[{\"@type\":\"ReadAction\",\"target\":[\"https:\\\/\\\/www.ateneapark.com\\\/es\\\/mis-reservas\"]}]},{\"@type\":\"BreadcrumbList\",\"@id\":\"https:\\\/\\\/www.ateneapark.com\\\/es\\\/mis-reservas#breadcrumb\",\"itemListElement\":[{\"@type\":\"ListItem\",\"position\":1,\"name\":\"Home\",\"item\":\"https:\\\/\\\/www.ateneapark.com\\\/es\"},{\"@type\":\"ListItem\",\"position\":2,\"name\":\"Mis reservas\"}]},{\"@type\":\"WebSite\",\"@id\":\"https:\\\/\\\/www.ateneapark.com\\\/es\\\/#website\",\"url\":\"https:\\\/\\\/www.ateneapark.com\\\/es\\\/\",\"name\":\"Atenea Park Suites - Apartaments\",\"description\":\"Atenea Park est\u00e1 situado en Vilanova i la Geltr\u00fa, poblaci\u00f3n muy pr\u00f3xima a Sitges. Precio m\u00ednimo garantizado.\",\"publisher\":{\"@id\":\"https:\\\/\\\/www.ateneapark.com\\\/es\\\/#organization\"},\"potentialAction\":[{\"@type\":\"SearchAction\",\"target\":{\"@type\":\"EntryPoint\",\"urlTemplate\":\"https:\\\/\\\/www.ateneapark.com\\\/es\\\/?s={search_term_string}\"},\"query-input\":{\"@type\":\"PropertyValueSpecification\",\"valueRequired\":true,\"valueName\":\"search_term_string\"}}],\"inLanguage\":\"es\"},{\"@type\":\"Organization\",\"@id\":\"https:\\\/\\\/www.ateneapark.com\\\/es\\\/#organization\",\"name\":\"Sanoimels, S.L\",\"url\":\"https:\\\/\\\/www.ateneapark.com\\\/es\\\/\",\"logo\":{\"@type\":\"ImageObject\",\"inLanguage\":\"es\",\"@id\":\"https:\\\/\\\/www.ateneapark.com\\\/es\\\/#\\\/schema\\\/logo\\\/image\\\/\",\"url\":\"https:\\\/\\\/www.ateneapark.com\\\/wp-content\\\/uploads\\\/2022\\\/02\\\/3.2-galeria.jpg\",\"contentUrl\":\"https:\\\/\\\/www.ateneapark.com\\\/wp-content\\\/uploads\\\/2022\\\/02\\\/3.2-galeria.jpg\",\"width\":1124,\"height\":750,\"caption\":\"Sanoimels, S.L\"},\"image\":{\"@id\":\"https:\\\/\\\/www.ateneapark.com\\\/es\\\/#\\\/schema\\\/logo\\\/image\\\/\"}}]}<\/script>\n<!-- \/ Yoast SEO plugin. -->","yoast_head_json":{"title":"Mis reservas | Atenea Park Suites - Apartaments","robots":{"index":"index","follow":"follow","max-snippet":"max-snippet:-1","max-image-preview":"max-image-preview:large","max-video-preview":"max-video-preview:-1"},"canonical":"https:\/\/www.ateneapark.com\/es\/mis-reservas","og_locale":"es_ES","og_type":"article","og_title":"Mis reservas | Atenea Park Suites - Apartaments","og_description":"Mis reservas Por favor, indica tu correo electr\u00f3nico y contrase\u00f1a para consultar, modificar o cancelar tu reserva.","og_url":"https:\/\/www.ateneapark.com\/es\/mis-reservas","og_site_name":"Atenea Park Suites - Apartaments","article_modified_time":"2024-09-26T06:15:39+00:00","og_image":[{"width":1124,"height":750,"url":"https:\/\/www.ateneapark.com\/wp-content\/uploads\/2022\/02\/3.2-galeria.jpg","type":"image\/jpeg"}],"twitter_card":"summary_large_image","schema":{"@context":"https:\/\/schema.org","@graph":[{"@type":"WebPage","@id":"https:\/\/www.ateneapark.com\/es\/mis-reservas","url":"https:\/\/www.ateneapark.com\/es\/mis-reservas","name":"Mis reservas | Atenea Park Suites - Apartaments","isPartOf":{"@id":"https:\/\/www.ateneapark.com\/es\/#website"},"datePublished":"2022-02-03T16:17:58+00:00","dateModified":"2024-09-26T06:15:39+00:00","breadcrumb":{"@id":"https:\/\/www.ateneapark.com\/es\/mis-reservas#breadcrumb"},"inLanguage":"es","potentialAction":[{"@type":"ReadAction","target":["https:\/\/www.ateneapark.com\/es\/mis-reservas"]}]},{"@type":"BreadcrumbList","@id":"https:\/\/www.ateneapark.com\/es\/mis-reservas#breadcrumb","itemListElement":[{"@type":"ListItem","position":1,"name":"Home","item":"https:\/\/www.ateneapark.com\/es"},{"@type":"ListItem","position":2,"name":"Mis reservas"}]},{"@type":"WebSite","@id":"https:\/\/www.ateneapark.com\/es\/#website","url":"https:\/\/www.ateneapark.com\/es\/","name":"Atenea Park Suites - Apartaments","description":"Atenea Park est\u00e1 situado en Vilanova i la Geltr\u00fa, poblaci\u00f3n muy pr\u00f3xima a Sitges. Precio m\u00ednimo garantizado.","publisher":{"@id":"https:\/\/www.ateneapark.com\/es\/#organization"},"potentialAction":[{"@type":"SearchAction","target":{"@type":"EntryPoint","urlTemplate":"https:\/\/www.ateneapark.com\/es\/?s={search_term_string}"},"query-input":{"@type":"PropertyValueSpecification","valueRequired":true,"valueName":"search_term_string"}}],"inLanguage":"es"},{"@type":"Organization","@id":"https:\/\/www.ateneapark.com\/es\/#organization","name":"Sanoimels, S.L","url":"https:\/\/www.ateneapark.com\/es\/","logo":{"@type":"ImageObject","inLanguage":"es","@id":"https:\/\/www.ateneapark.com\/es\/#\/schema\/logo\/image\/","url":"https:\/\/www.ateneapark.com\/wp-content\/uploads\/2022\/02\/3.2-galeria.jpg","contentUrl":"https:\/\/www.ateneapark.com\/wp-content\/uploads\/2022\/02\/3.2-galeria.jpg","width":1124,"height":750,"caption":"Sanoimels, S.L"},"image":{"@id":"https:\/\/www.ateneapark.com\/es\/#\/schema\/logo\/image\/"}}]}},"_links":{"self":[{"href":"https:\/\/www.ateneapark.com\/es\/wp-json\/wp\/v2\/pages\/1760","targetHints":{"allow":["GET"]}}],"collection":[{"href":"https:\/\/www.ateneapark.com\/es\/wp-json\/wp\/v2\/pages"}],"about":[{"href":"https:\/\/www.ateneapark.com\/es\/wp-json\/wp\/v2\/types\/page"}],"author":[{"embeddable":true,"href":"https:\/\/www.ateneapark.com\/es\/wp-json\/wp\/v2\/users\/1"}],"replies":[{"embeddable":true,"href":"https:\/\/www.ateneapark.com\/es\/wp-json\/wp\/v2\/comments?post=1760"}],"version-history":[{"count":5,"href":"https:\/\/www.ateneapark.com\/es\/wp-json\/wp\/v2\/pages\/1760\/revisions"}],"predecessor-version":[{"id":6850,"href":"https:\/\/www.ateneapark.com\/es\/wp-json\/wp\/v2\/pages\/1760\/revisions\/6850"}],"wp:attachment":[{"href":"https:\/\/www.ateneapark.com\/es\/wp-json\/wp\/v2\/media?parent=1760"}],"curies":[{"name":"wp","href":"https:\/\/api.w.org\/{rel}","templated":true}]}}