{"id":4332,"date":"2022-02-18T09:58:43","date_gmt":"2022-02-18T09:58:43","guid":{"rendered":"http:\/\/www.ateneapark.com\/aviso-legal\/"},"modified":"2022-09-06T13:47:44","modified_gmt":"2022-09-06T11:47:44","slug":"legal-notice","status":"publish","type":"page","link":"https:\/\/www.ateneapark.com\/en\/legal-notice","title":{"rendered":"Legal Notice"},"content":{"rendered":"\n<p><strong>Legal Notice and Privacy Policy<\/strong><\/p>\n\n\n\n<p>This website is the property of Sanoimels, SL, hereinafter Atenea Park &#8211; Suites Apartaments, registered in the Commercial Registry of Barcelona, Volume 35458, Folio 137, Page B-256948. 1st registration in the General Register of Tourist Companies and Activities regulated in Catalonia with the numbers ATB-000019, ATB-000020, ATB-000021.<\/p>\n\n\n\n<p>Registered office: C\/ Roger de Ll\u00faria, 7, 1\u00ba A 08010 Barcelona<br>Telephone: +34 938 150 638<br>Email: reservas@ateneapark.com<\/p>\n\n\n\n<p><strong>1. General Terms and Conditions<\/strong><\/p>\n\n\n\n<p>Access and use of the Atenea Park &#8211; Suites Apartaments website will remain subject to these general terms and conditions. Use of all websites owned by Atenea Park &#8211; Suites Apartaments implies the User\u2019s full acceptance of all the General Terms and Conditions of Use applicable whenever the User accesses said websites.<\/p>\n\n\n\n<p>Atenea Park &#8211; Suites Apartaments reserves the right to modify these General Terms and Conditions of Use at any time.<\/p>\n\n\n\n<p><strong>2. Use of the website, services and contents<\/strong><\/p>\n\n\n\n<p>The User is obliged to make correct use of this website, its services and its contents without infringing on fundamental rights, current legislation, good faith, generally accepted uses, public order and the particular terms and conditions of certain services. Any use for illicit purposes or use that violates the rights of Atenea Park &#8211; Suites Apartaments or those of its owners or a third party, or use that harms the normal functioning of the website, any computing equipment or documents with any kind of contents contained on the website, is prohibited. With regard to the contents (information, text, graphics, sound and\/or image files, photographs, designs, etc.) the following is especially prohibited:<\/p>\n\n\n\n<p>\u2022 Their reproduction, distribution or modification, or their public communication, unless authorisation is granted by their legitimate owners or if it is legally permitted.<br>\u2022 Deleting or modifying copyright and other identification details of the booking, of Atenea Park &#8211; Suites Apartaments\u2019s rights or those of their owners, of their digital fingerprints or any other technical means used to recognise them.<br>\u2022 Attempting to obtain the website\u2019s contents via a means different to those available to users. Regular network users may do so, provided that they do not cause damage to Atenea Park &#8211; Suites Apartaments\u2019s website.<br>\u2022 Sending messages, chain letters or unsolicited electronic messages not requested by the recipients. Users or third parties harmed by the receipt of unsolicited messages may communicate this to Atenea Park &#8211; Suites Apartaments by sending a message to the following email address: reservas@ateneapark.com<br>\u2022 Likewise, the use of distribution lists for the aforementioned activities, as well as making data gathered from these available to third parties, is prohibited. With regard to the website, the User shall not, in particular transmit or distribute third party information, data, content, messages, graphics, pictures, sound files and\/or images, photographs, recordings, software and, in general, any material that:<\/p>\n\n\n\n<p>\u2022 Induces or promotes activities that are criminal, slanderous, defamatory, violent or, in general, contrary to law, morality and generally accepted good practices and public order; or that allow access to products, elements, messages and\/or services that are criminal, violent, offensive or harmful in nature or, in general, contrary to law, morality and generally accepted good practices or public order.<br>\u2022 Is false, ambiguous, inaccurate, exaggerated or untimely and may be misleading about its purpose or the intentions of the source.<br>\u2022 Is the intellectual property of third parties and is intended to be used without prior authorisation.<br>\u2022 Violates the business secrets of third parties or violates regulations on the privacy of communications.<br>\u2022 In any way undermines the reputation of Atenea Park &#8211; Suites Apartaments or third parties, or constitutes, if any, illegal, deceptive or unfair, and unfair competition in general. <br>\u2022 Incorporates viruses or other physical or electronic elements that may damage or impede the normal operation of the network, system or equipment of Atenea Park &#8211; Suites Apartaments or third parties, or which may damage electronic documents and files stored on said equipment.<br>\u2022 Contains HTML tags other than those expressly authorised by Atenea Park &#8211; Suites Apartaments<\/p>\n\n\n\n<p><strong>3. Intellectual and industrial property<\/strong><\/p>\n\n\n\n<p>All of the contents on websites owned by Atenea Park &#8211; Suites Apartaments are subject to intellectual and\/or industrial property legislation. Rights over the contents correspond to Atenea Park &#8211; Suites Apartaments or third parties, if applicable. The User may only view and obtain a private copy of the contents if said copy is exclusively for the User\u2019s personal and private use, with its use for commercial purposes being expressly prohibited.<\/p>\n\n\n\n<p><strong>4. Disclaimers and limitations of liability<\/strong><\/p>\n\n\n\n<p>Atenea Park &#8211; Suites Apartaments will not be liable for the information, services and\/or products offered and\/or provided by third parties via the website of Atenea Park &#8211; Suites Apartaments, nor will it be liable for contents provided by third parties. Atenea Park &#8211; Suites Apartaments does not guarantee the suitability, reliability, availability, timeliness or accuracy of information or services contained on its website, nor will it be responsible for direct or indirect damage related to the use of the contents on its website. Atenea Park &#8211; Suites Apartaments does not guarantee that the contents on its website will be suitable or available outside of Spain. In the event that all or part of the contents of Atenea Park &#8211; Suites Aparments\u2019s website are considered illegal in countries other than Spain, where its access and use by the User is prohibited, the User will be solely responsible and will be obliged to comply with applicable national laws. Use of the information and content that appears on Atenea Park &#8211; Suites Apartaments\u2019s website and\/or access to other third party websites through connections or links that appear on Atenea Park &#8211; Suites Apartaments\u2019s website will be the sole responsibility of those who perform such acts, with Atenea Park &#8211; Suites Apartaments not being liable in any way for any damages that may arise from such use or activities.<\/p>\n","protected":false},"excerpt":{"rendered":"<p>Legal Notice and Privacy Policy This website is the property of Sanoimels, SL, hereinafter Atenea Park &#8211; Suites Apartaments, registered in the Commercial Registry of Barcelona, Volume 35458, Folio 137, Page B-256948. 1st registration in the General Register of Tourist Companies and Activities regulated in Catalonia with the numbers ATB-000019, ATB-000020, ATB-000021. Registered office: C\/ [&hellip;]<\/p>\n","protected":false},"author":1,"featured_media":0,"parent":0,"menu_order":0,"comment_status":"closed","ping_status":"closed","template":"","meta":{"_acf_changed":false,"footnotes":""},"class_list":["post-4332","page","type-page","status-publish","hentry"],"acf":[],"yoast_head":"<!-- This site is optimized with the Yoast SEO plugin v27.4 - https:\/\/yoast.com\/product\/yoast-seo-wordpress\/ -->\n<title>Legal Notice | Atenea Park Suites - Apartaments<\/title>\n<meta name=\"robots\" content=\"index, follow, max-snippet:-1, max-image-preview:large, max-video-preview:-1\" \/>\n<link rel=\"canonical\" href=\"https:\/\/www.ateneapark.com\/en\/legal-notice\" \/>\n<meta property=\"og:locale\" content=\"en_US\" \/>\n<meta property=\"og:type\" content=\"article\" \/>\n<meta property=\"og:title\" content=\"Legal Notice | Atenea Park Suites - Apartaments\" \/>\n<meta property=\"og:description\" content=\"Legal Notice and Privacy Policy This website is the property of Sanoimels, SL, hereinafter Atenea Park &#8211; Suites Apartaments, registered in the Commercial Registry of Barcelona, Volume 35458, Folio 137, Page B-256948. 1st registration in the General Register of Tourist Companies and Activities regulated in Catalonia with the numbers ATB-000019, ATB-000020, ATB-000021. Registered office: C\/ [&hellip;]\" \/>\n<meta property=\"og:url\" content=\"https:\/\/www.ateneapark.com\/en\/legal-notice\" \/>\n<meta property=\"og:site_name\" content=\"Atenea Park Suites - Apartaments\" \/>\n<meta property=\"article:modified_time\" content=\"2022-09-06T11:47:44+00:00\" \/>\n<meta property=\"og:image\" content=\"https:\/\/www.ateneapark.com\/wp-content\/uploads\/2022\/02\/3.2-galeria.jpg\" \/>\n\t<meta property=\"og:image:width\" content=\"1124\" \/>\n\t<meta property=\"og:image:height\" content=\"750\" \/>\n\t<meta property=\"og:image:type\" content=\"image\/jpeg\" \/>\n<meta name=\"twitter:card\" content=\"summary_large_image\" \/>\n<meta name=\"twitter:label1\" content=\"Est. reading time\" \/>\n\t<meta name=\"twitter:data1\" content=\"5 minutes\" \/>\n<script type=\"application\/ld+json\" class=\"yoast-schema-graph\">{\"@context\":\"https:\\\/\\\/schema.org\",\"@graph\":[{\"@type\":\"WebPage\",\"@id\":\"https:\\\/\\\/www.ateneapark.com\\\/en\\\/legal-notice\",\"url\":\"https:\\\/\\\/www.ateneapark.com\\\/en\\\/legal-notice\",\"name\":\"Legal Notice | Atenea Park Suites - Apartaments\",\"isPartOf\":{\"@id\":\"https:\\\/\\\/www.ateneapark.com\\\/en#website\"},\"datePublished\":\"2022-02-18T09:58:43+00:00\",\"dateModified\":\"2022-09-06T11:47:44+00:00\",\"breadcrumb\":{\"@id\":\"https:\\\/\\\/www.ateneapark.com\\\/en\\\/legal-notice#breadcrumb\"},\"inLanguage\":\"en-US\",\"potentialAction\":[{\"@type\":\"ReadAction\",\"target\":[\"https:\\\/\\\/www.ateneapark.com\\\/en\\\/legal-notice\"]}]},{\"@type\":\"BreadcrumbList\",\"@id\":\"https:\\\/\\\/www.ateneapark.com\\\/en\\\/legal-notice#breadcrumb\",\"itemListElement\":[{\"@type\":\"ListItem\",\"position\":1,\"name\":\"Home\",\"item\":\"https:\\\/\\\/www.ateneapark.com\\\/en\"},{\"@type\":\"ListItem\",\"position\":2,\"name\":\"Legal Notice\"}]},{\"@type\":\"WebSite\",\"@id\":\"https:\\\/\\\/www.ateneapark.com\\\/en#website\",\"url\":\"https:\\\/\\\/www.ateneapark.com\\\/en\",\"name\":\"Atenea Park Suites - Apartaments\",\"description\":\"Atenea Park est\u00e1 situado en Vilanova i la Geltr\u00fa, poblaci\u00f3n muy pr\u00f3xima a Sitges. Precio m\u00ednimo garantizado.\",\"publisher\":{\"@id\":\"https:\\\/\\\/www.ateneapark.com\\\/en#organization\"},\"potentialAction\":[{\"@type\":\"SearchAction\",\"target\":{\"@type\":\"EntryPoint\",\"urlTemplate\":\"https:\\\/\\\/www.ateneapark.com\\\/en?s={search_term_string}\"},\"query-input\":{\"@type\":\"PropertyValueSpecification\",\"valueRequired\":true,\"valueName\":\"search_term_string\"}}],\"inLanguage\":\"en-US\"},{\"@type\":\"Organization\",\"@id\":\"https:\\\/\\\/www.ateneapark.com\\\/en#organization\",\"name\":\"Sanoimels, S.L\",\"url\":\"https:\\\/\\\/www.ateneapark.com\\\/en\",\"logo\":{\"@type\":\"ImageObject\",\"inLanguage\":\"en-US\",\"@id\":\"https:\\\/\\\/www.ateneapark.com\\\/en#\\\/schema\\\/logo\\\/image\\\/\",\"url\":\"https:\\\/\\\/www.ateneapark.com\\\/wp-content\\\/uploads\\\/2022\\\/02\\\/3.2-galeria.jpg\",\"contentUrl\":\"https:\\\/\\\/www.ateneapark.com\\\/wp-content\\\/uploads\\\/2022\\\/02\\\/3.2-galeria.jpg\",\"width\":1124,\"height\":750,\"caption\":\"Sanoimels, S.L\"},\"image\":{\"@id\":\"https:\\\/\\\/www.ateneapark.com\\\/en#\\\/schema\\\/logo\\\/image\\\/\"}}]}<\/script>\n<!-- \/ Yoast SEO plugin. -->","yoast_head_json":{"title":"Legal Notice | Atenea Park Suites - Apartaments","robots":{"index":"index","follow":"follow","max-snippet":"max-snippet:-1","max-image-preview":"max-image-preview:large","max-video-preview":"max-video-preview:-1"},"canonical":"https:\/\/www.ateneapark.com\/en\/legal-notice","og_locale":"en_US","og_type":"article","og_title":"Legal Notice | Atenea Park Suites - Apartaments","og_description":"Legal Notice and Privacy Policy This website is the property of Sanoimels, SL, hereinafter Atenea Park &#8211; Suites Apartaments, registered in the Commercial Registry of Barcelona, Volume 35458, Folio 137, Page B-256948. 1st registration in the General Register of Tourist Companies and Activities regulated in Catalonia with the numbers ATB-000019, ATB-000020, ATB-000021. Registered office: C\/ [&hellip;]","og_url":"https:\/\/www.ateneapark.com\/en\/legal-notice","og_site_name":"Atenea Park Suites - Apartaments","article_modified_time":"2022-09-06T11:47:44+00:00","og_image":[{"width":1124,"height":750,"url":"https:\/\/www.ateneapark.com\/wp-content\/uploads\/2022\/02\/3.2-galeria.jpg","type":"image\/jpeg"}],"twitter_card":"summary_large_image","twitter_misc":{"Est. reading time":"5 minutes"},"schema":{"@context":"https:\/\/schema.org","@graph":[{"@type":"WebPage","@id":"https:\/\/www.ateneapark.com\/en\/legal-notice","url":"https:\/\/www.ateneapark.com\/en\/legal-notice","name":"Legal Notice | Atenea Park Suites - Apartaments","isPartOf":{"@id":"https:\/\/www.ateneapark.com\/en#website"},"datePublished":"2022-02-18T09:58:43+00:00","dateModified":"2022-09-06T11:47:44+00:00","breadcrumb":{"@id":"https:\/\/www.ateneapark.com\/en\/legal-notice#breadcrumb"},"inLanguage":"en-US","potentialAction":[{"@type":"ReadAction","target":["https:\/\/www.ateneapark.com\/en\/legal-notice"]}]},{"@type":"BreadcrumbList","@id":"https:\/\/www.ateneapark.com\/en\/legal-notice#breadcrumb","itemListElement":[{"@type":"ListItem","position":1,"name":"Home","item":"https:\/\/www.ateneapark.com\/en"},{"@type":"ListItem","position":2,"name":"Legal Notice"}]},{"@type":"WebSite","@id":"https:\/\/www.ateneapark.com\/en#website","url":"https:\/\/www.ateneapark.com\/en","name":"Atenea Park Suites - Apartaments","description":"Atenea Park est\u00e1 situado en Vilanova i la Geltr\u00fa, poblaci\u00f3n muy pr\u00f3xima a Sitges. Precio m\u00ednimo garantizado.","publisher":{"@id":"https:\/\/www.ateneapark.com\/en#organization"},"potentialAction":[{"@type":"SearchAction","target":{"@type":"EntryPoint","urlTemplate":"https:\/\/www.ateneapark.com\/en?s={search_term_string}"},"query-input":{"@type":"PropertyValueSpecification","valueRequired":true,"valueName":"search_term_string"}}],"inLanguage":"en-US"},{"@type":"Organization","@id":"https:\/\/www.ateneapark.com\/en#organization","name":"Sanoimels, S.L","url":"https:\/\/www.ateneapark.com\/en","logo":{"@type":"ImageObject","inLanguage":"en-US","@id":"https:\/\/www.ateneapark.com\/en#\/schema\/logo\/image\/","url":"https:\/\/www.ateneapark.com\/wp-content\/uploads\/2022\/02\/3.2-galeria.jpg","contentUrl":"https:\/\/www.ateneapark.com\/wp-content\/uploads\/2022\/02\/3.2-galeria.jpg","width":1124,"height":750,"caption":"Sanoimels, S.L"},"image":{"@id":"https:\/\/www.ateneapark.com\/en#\/schema\/logo\/image\/"}}]}},"_links":{"self":[{"href":"https:\/\/www.ateneapark.com\/en\/wp-json\/wp\/v2\/pages\/4332","targetHints":{"allow":["GET"]}}],"collection":[{"href":"https:\/\/www.ateneapark.com\/en\/wp-json\/wp\/v2\/pages"}],"about":[{"href":"https:\/\/www.ateneapark.com\/en\/wp-json\/wp\/v2\/types\/page"}],"author":[{"embeddable":true,"href":"https:\/\/www.ateneapark.com\/en\/wp-json\/wp\/v2\/users\/1"}],"replies":[{"embeddable":true,"href":"https:\/\/www.ateneapark.com\/en\/wp-json\/wp\/v2\/comments?post=4332"}],"version-history":[{"count":5,"href":"https:\/\/www.ateneapark.com\/en\/wp-json\/wp\/v2\/pages\/4332\/revisions"}],"predecessor-version":[{"id":5338,"href":"https:\/\/www.ateneapark.com\/en\/wp-json\/wp\/v2\/pages\/4332\/revisions\/5338"}],"wp:attachment":[{"href":"https:\/\/www.ateneapark.com\/en\/wp-json\/wp\/v2\/media?parent=4332"}],"curies":[{"name":"wp","href":"https:\/\/api.w.org\/{rel}","templated":true}]}}